{"id":1245,"date":"2023-01-02T14:39:24","date_gmt":"2023-01-02T18:39:24","guid":{"rendered":"https:\/\/gpluiscorderovega.gob.ec\/azuay\/?page_id=1245"},"modified":"2024-09-19T11:38:45","modified_gmt":"2024-09-19T15:38:45","slug":"rendicion-de-cuentas-2023","status":"publish","type":"page","link":"https:\/\/gpluiscorderovega.gob.ec\/azuay\/rendicion-de-cuentas-2023\/","title":{"rendered":"Rendici\u00f3n de Cuentas 2023"},"content":{"rendered":"<p><a href=\"https:\/\/gpluiscorderovega.gob.ec\/azuay\/wp-content\/uploads\/2024\/09\/ACTA-DE-RENDICION-DE-CUENTAS.pdf\" target=\"_blank\" rel=\"noopener\">ACTA DE RENDICION DE CUENTAS CORRESPONDIENTE AL A\u00d1O 2023<\/a><\/p>\n<p><a href=\"https:\/\/gpluiscorderovega.gob.ec\/azuay\/wp-content\/uploads\/2024\/09\/RENDICION-DE-CUENTAS-PERIODO-FISCAL-2023.pptx\" target=\"_blank\" rel=\"noopener\">PRESENTACION DE RENDICION DE CUENTAS PERIODO FISCAL A\u00d1O 2023<\/a><\/p>\n<p><a href=\"https:\/\/gpluiscorderovega.gob.ec\/azuay\/wp-content\/uploads\/2024\/09\/ReporteInformeGad-2023.pdf\" target=\"_blank\" rel=\"noopener\">REPORTE DE RENDICION DE CUENTAS CPCCS 2023 &#8211; GAD PARROQUIAL<\/a><\/p>\n<p><a href=\"https:\/\/gpluiscorderovega.gob.ec\/azuay\/wp-content\/uploads\/2024\/09\/RDC-Juan-Uloa-2023.pdf\" target=\"_blank\" rel=\"noopener\">REPORTE DE RENDICION DE CUENTAS CPCCS 2023 &#8211; PRESIDENTE JUAN ULLOA<\/a><\/p>\n<p><a href=\"https:\/\/gpluiscorderovega.gob.ec\/azuay\/wp-content\/uploads\/2024\/09\/RDC-NANCI-RAMON-2023.pdf\">REPORTE DE RENDICION DE CUENTAS CPCCS 2023 &#8211; VICEPRESIDENTE NANCI RAMON<\/a><\/p>\n<p><a href=\"https:\/\/gpluiscorderovega.gob.ec\/azuay\/wp-content\/uploads\/2024\/09\/RDC-ELVIA-ULLOA-2023.pdf\" target=\"_blank\" rel=\"noopener\">REPORTE DE RENDICION DE CUENTAS CPCCS 2023 &#8211; PRIMER VOCAL ELVIA ULLOA<\/a><\/p>\n<p><a href=\"https:\/\/gpluiscorderovega.gob.ec\/azuay\/wp-content\/uploads\/2024\/09\/RDC-MARCO-PERALTA-2023.pdf\" target=\"_blank\" rel=\"noopener\">REPORTE DE RENDICION DE CUENTAS CPCCS 2023 &#8211; SEGUNDO VOCAL MARCO PERALTA<\/a><\/p>\n<p><a href=\"https:\/\/gpluiscorderovega.gob.ec\/azuay\/wp-content\/uploads\/2024\/09\/RDC-ALFONSO-VAZQUEZ-2023.pdf\" target=\"_blank\" rel=\"noopener\">REPORTE DE RENDICION DE CUENTAS CPCCS 2023 &#8211; TERCER VOCAL ALFONSO VAZQUEZ<\/a><\/p>\n<p style=\"text-align: center;\">SOCIALIZACION DE LA RENDIICON DE CUENTAS DEL A\u00d1O 2023<\/p>\n\n\t\t<style type=\"text\/css\">\n\t\t\t#gallery-1 {\n\t\t\t\tmargin: auto;\n\t\t\t}\n\t\t\t#gallery-1 .gallery-item {\n\t\t\t\tfloat: left;\n\t\t\t\tmargin-top: 10px;\n\t\t\t\ttext-align: center;\n\t\t\t\twidth: 50%;\n\t\t\t}\n\t\t\t#gallery-1 img {\n\t\t\t\tborder: 2px solid #cfcfcf;\n\t\t\t}\n\t\t\t#gallery-1 .gallery-caption {\n\t\t\t\tmargin-left: 0;\n\t\t\t}\n\t\t\t\/* see gallery_shortcode() in wp-includes\/media.php *\/\n\t\t<\/style>\n\t\t<div data-carousel-extra='{\"blog_id\":1,\"permalink\":\"https:\\\/\\\/gpluiscorderovega.gob.ec\\\/azuay\\\/rendicion-de-cuentas-2023\\\/\"}' id='gallery-1' class='gallery galleryid-1245 gallery-columns-2 gallery-size-medium'><dl class='gallery-item'>\n\t\t\t<dt class='gallery-icon landscape'>\n\t\t\t\t<a href='https:\/\/gpluiscorderovega.gob.ec\/azuay\/rendicion-de-cuentas-2023\/imagen-de-whatsapp-2024-09-19-a-las-10-15-00_066e5a01\/'><img loading=\"lazy\" decoding=\"async\" data-attachment-id=\"1371\" data-orig-file=\"https:\/\/gpluiscorderovega.gob.ec\/azuay\/wp-content\/uploads\/2024\/09\/Imagen-de-WhatsApp-2024-09-19-a-las-10.15.00_066e5a01.jpg\" data-orig-size=\"1280,960\" data-comments-opened=\"0\" data-image-meta=\"{&quot;aperture&quot;:&quot;0&quot;,&quot;credit&quot;:&quot;&quot;,&quot;camera&quot;:&quot;&quot;,&quot;caption&quot;:&quot;&quot;,&quot;created_timestamp&quot;:&quot;0&quot;,&quot;copyright&quot;:&quot;&quot;,&quot;focal_length&quot;:&quot;0&quot;,&quot;iso&quot;:&quot;0&quot;,&quot;shutter_speed&quot;:&quot;0&quot;,&quot;title&quot;:&quot;&quot;,&quot;orientation&quot;:&quot;0&quot;,&quot;keywords&quot;:&quot;Array&quot;}\" data-image-title=\"Autoridades del GAD Parroquial\" data-image-description=\"\" data-medium-file=\"https:\/\/gpluiscorderovega.gob.ec\/azuay\/wp-content\/uploads\/2024\/09\/Imagen-de-WhatsApp-2024-09-19-a-las-10.15.00_066e5a01-550x413.jpg\" data-large-file=\"https:\/\/gpluiscorderovega.gob.ec\/azuay\/wp-content\/uploads\/2024\/09\/Imagen-de-WhatsApp-2024-09-19-a-las-10.15.00_066e5a01-1024x768.jpg\" width=\"550\" height=\"413\" src=\"https:\/\/gpluiscorderovega.gob.ec\/azuay\/wp-content\/uploads\/2024\/09\/Imagen-de-WhatsApp-2024-09-19-a-las-10.15.00_066e5a01-550x413.jpg\" class=\"attachment-medium size-medium\" alt=\"\" aria-describedby=\"gallery-1-1371\" srcset=\"https:\/\/gpluiscorderovega.gob.ec\/azuay\/wp-content\/uploads\/2024\/09\/Imagen-de-WhatsApp-2024-09-19-a-las-10.15.00_066e5a01-550x413.jpg 550w, https:\/\/gpluiscorderovega.gob.ec\/azuay\/wp-content\/uploads\/2024\/09\/Imagen-de-WhatsApp-2024-09-19-a-las-10.15.00_066e5a01-1024x768.jpg 1024w, https:\/\/gpluiscorderovega.gob.ec\/azuay\/wp-content\/uploads\/2024\/09\/Imagen-de-WhatsApp-2024-09-19-a-las-10.15.00_066e5a01-768x576.jpg 768w, https:\/\/gpluiscorderovega.gob.ec\/azuay\/wp-content\/uploads\/2024\/09\/Imagen-de-WhatsApp-2024-09-19-a-las-10.15.00_066e5a01.jpg 1280w\" sizes=\"auto, (max-width: 550px) 100vw, 550px\" \/><\/a>\n\t\t\t<\/dt>\n\t\t\t\t<dd class='wp-caption-text gallery-caption' id='gallery-1-1371'>\n\t\t\t\tAutoridades\n\t\t\t\t<\/dd><\/dl><dl class='gallery-item'>\n\t\t\t<dt class='gallery-icon landscape'>\n\t\t\t\t<a href='https:\/\/gpluiscorderovega.gob.ec\/azuay\/rendicion-de-cuentas-2023\/imagen-de-whatsapp-2024-09-19-a-las-10-15-07_6523c2ef\/'><img loading=\"lazy\" decoding=\"async\" data-attachment-id=\"1372\" data-orig-file=\"https:\/\/gpluiscorderovega.gob.ec\/azuay\/wp-content\/uploads\/2024\/09\/Imagen-de-WhatsApp-2024-09-19-a-las-10.15.07_6523c2ef.jpg\" data-orig-size=\"1280,960\" data-comments-opened=\"0\" data-image-meta=\"{&quot;aperture&quot;:&quot;0&quot;,&quot;credit&quot;:&quot;&quot;,&quot;camera&quot;:&quot;&quot;,&quot;caption&quot;:&quot;&quot;,&quot;created_timestamp&quot;:&quot;0&quot;,&quot;copyright&quot;:&quot;&quot;,&quot;focal_length&quot;:&quot;0&quot;,&quot;iso&quot;:&quot;0&quot;,&quot;shutter_speed&quot;:&quot;0&quot;,&quot;title&quot;:&quot;&quot;,&quot;orientation&quot;:&quot;0&quot;,&quot;keywords&quot;:&quot;Array&quot;}\" data-image-title=\"Ciudadan\u00eda de la Parroquia\" data-image-description=\"\" data-medium-file=\"https:\/\/gpluiscorderovega.gob.ec\/azuay\/wp-content\/uploads\/2024\/09\/Imagen-de-WhatsApp-2024-09-19-a-las-10.15.07_6523c2ef-550x413.jpg\" data-large-file=\"https:\/\/gpluiscorderovega.gob.ec\/azuay\/wp-content\/uploads\/2024\/09\/Imagen-de-WhatsApp-2024-09-19-a-las-10.15.07_6523c2ef-1024x768.jpg\" width=\"550\" height=\"413\" src=\"https:\/\/gpluiscorderovega.gob.ec\/azuay\/wp-content\/uploads\/2024\/09\/Imagen-de-WhatsApp-2024-09-19-a-las-10.15.07_6523c2ef-550x413.jpg\" class=\"attachment-medium size-medium\" alt=\"\" aria-describedby=\"gallery-1-1372\" srcset=\"https:\/\/gpluiscorderovega.gob.ec\/azuay\/wp-content\/uploads\/2024\/09\/Imagen-de-WhatsApp-2024-09-19-a-las-10.15.07_6523c2ef-550x413.jpg 550w, https:\/\/gpluiscorderovega.gob.ec\/azuay\/wp-content\/uploads\/2024\/09\/Imagen-de-WhatsApp-2024-09-19-a-las-10.15.07_6523c2ef-1024x768.jpg 1024w, https:\/\/gpluiscorderovega.gob.ec\/azuay\/wp-content\/uploads\/2024\/09\/Imagen-de-WhatsApp-2024-09-19-a-las-10.15.07_6523c2ef-768x576.jpg 768w, https:\/\/gpluiscorderovega.gob.ec\/azuay\/wp-content\/uploads\/2024\/09\/Imagen-de-WhatsApp-2024-09-19-a-las-10.15.07_6523c2ef.jpg 1280w\" sizes=\"auto, (max-width: 550px) 100vw, 550px\" \/><\/a>\n\t\t\t<\/dt>\n\t\t\t\t<dd class='wp-caption-text gallery-caption' id='gallery-1-1372'>\n\t\t\t\tCiudadania\n\t\t\t\t<\/dd><\/dl><br style=\"clear: both\" \/>\n\t\t<\/div>\n\n","protected":false},"excerpt":{"rendered":"<p>ACTA DE RENDICION DE CUENTAS CORRESPONDIENTE AL A\u00d1O 2023 PRESENTACION DE RENDICION DE CUENTAS PERIODO FISCAL A\u00d1O 2023 REPORTE DE RENDICION DE CUENTAS CPCCS 2023 &#8211; GAD PARROQUIAL REPORTE DE RENDICION DE CUENTAS CPCCS 2023 &#8211; PRESIDENTE JUAN ULLOA REPORTE DE RENDICION DE CUENTAS CPCCS 2023 &#8211; VICEPRESIDENTE NANCI RAMON REPORTE DE RENDICION DE CUENTAS [&hellip;]<\/p>\n","protected":false},"author":8,"featured_media":0,"parent":0,"menu_order":0,"comment_status":"closed","ping_status":"closed","template":"","meta":{"footnotes":""},"class_list":["post-1245","page","type-page","status-publish","hentry"],"yoast_head":"<!-- This site is optimized with the Yoast SEO plugin v24.1 - https:\/\/yoast.com\/wordpress\/plugins\/seo\/ -->\n<title>Rendici\u00f3n de Cuentas 2023 - GAD Luis Cordero Vega<\/title>\n<meta name=\"robots\" content=\"index, follow, max-snippet:-1, max-image-preview:large, max-video-preview:-1\" \/>\n<link rel=\"canonical\" href=\"https:\/\/gpluiscorderovega.gob.ec\/azuay\/rendicion-de-cuentas-2023\/\" \/>\n<meta property=\"og:locale\" content=\"es_ES\" \/>\n<meta property=\"og:type\" content=\"article\" \/>\n<meta property=\"og:title\" content=\"Rendici\u00f3n de Cuentas 2023 - GAD Luis Cordero Vega\" \/>\n<meta property=\"og:description\" content=\"ACTA DE RENDICION DE CUENTAS CORRESPONDIENTE AL A\u00d1O 2023 PRESENTACION DE RENDICION DE CUENTAS PERIODO FISCAL A\u00d1O 2023 REPORTE DE RENDICION DE CUENTAS CPCCS 2023 &#8211; GAD PARROQUIAL REPORTE DE RENDICION DE CUENTAS CPCCS 2023 &#8211; PRESIDENTE JUAN ULLOA REPORTE DE RENDICION DE CUENTAS CPCCS 2023 &#8211; VICEPRESIDENTE NANCI RAMON REPORTE DE RENDICION DE CUENTAS [&hellip;]\" \/>\n<meta property=\"og:url\" content=\"https:\/\/gpluiscorderovega.gob.ec\/azuay\/rendicion-de-cuentas-2023\/\" \/>\n<meta property=\"og:site_name\" content=\"GAD Luis Cordero Vega\" \/>\n<meta property=\"article:modified_time\" content=\"2024-09-19T15:38:45+00:00\" \/>\n<meta property=\"og:image\" content=\"https:\/\/gpluiscorderovega.gob.ec\/azuay\/wp-content\/uploads\/2024\/09\/Imagen-de-WhatsApp-2024-09-19-a-las-10.15.00_066e5a01-550x413.jpg\" \/>\n<meta name=\"twitter:card\" content=\"summary_large_image\" \/>\n<meta name=\"twitter:label1\" content=\"Tiempo de lectura\" \/>\n\t<meta name=\"twitter:data1\" content=\"1 minuto\" \/>\n<script type=\"application\/ld+json\" class=\"yoast-schema-graph\">{\"@context\":\"https:\/\/schema.org\",\"@graph\":[{\"@type\":\"WebPage\",\"@id\":\"https:\/\/gpluiscorderovega.gob.ec\/azuay\/rendicion-de-cuentas-2023\/\",\"url\":\"https:\/\/gpluiscorderovega.gob.ec\/azuay\/rendicion-de-cuentas-2023\/\",\"name\":\"Rendici\u00f3n de Cuentas 2023 - GAD Luis Cordero Vega\",\"isPartOf\":{\"@id\":\"https:\/\/gpluiscorderovega.gob.ec\/azuay\/#website\"},\"datePublished\":\"2023-01-02T18:39:24+00:00\",\"dateModified\":\"2024-09-19T15:38:45+00:00\",\"breadcrumb\":{\"@id\":\"https:\/\/gpluiscorderovega.gob.ec\/azuay\/rendicion-de-cuentas-2023\/#breadcrumb\"},\"inLanguage\":\"es\",\"potentialAction\":[{\"@type\":\"ReadAction\",\"target\":[\"https:\/\/gpluiscorderovega.gob.ec\/azuay\/rendicion-de-cuentas-2023\/\"]}]},{\"@type\":\"BreadcrumbList\",\"@id\":\"https:\/\/gpluiscorderovega.gob.ec\/azuay\/rendicion-de-cuentas-2023\/#breadcrumb\",\"itemListElement\":[{\"@type\":\"ListItem\",\"position\":1,\"name\":\"Portada\",\"item\":\"https:\/\/gpluiscorderovega.gob.ec\/azuay\/\"},{\"@type\":\"ListItem\",\"position\":2,\"name\":\"Rendici\u00f3n de Cuentas 2023\"}]},{\"@type\":\"WebSite\",\"@id\":\"https:\/\/gpluiscorderovega.gob.ec\/azuay\/#website\",\"url\":\"https:\/\/gpluiscorderovega.gob.ec\/azuay\/\",\"name\":\"GAD Luis Cordero Vega\",\"description\":\"Sitio Oficial del GAD Luis Cordero Vega Azuay\",\"publisher\":{\"@id\":\"https:\/\/gpluiscorderovega.gob.ec\/azuay\/#organization\"},\"potentialAction\":[{\"@type\":\"SearchAction\",\"target\":{\"@type\":\"EntryPoint\",\"urlTemplate\":\"https:\/\/gpluiscorderovega.gob.ec\/azuay\/?s={search_term_string}\"},\"query-input\":{\"@type\":\"PropertyValueSpecification\",\"valueRequired\":true,\"valueName\":\"search_term_string\"}}],\"inLanguage\":\"es\"},{\"@type\":\"Organization\",\"@id\":\"https:\/\/gpluiscorderovega.gob.ec\/azuay\/#organization\",\"name\":\"GAD Luis Cordero Vega\",\"url\":\"https:\/\/gpluiscorderovega.gob.ec\/azuay\/\",\"logo\":{\"@type\":\"ImageObject\",\"inLanguage\":\"es\",\"@id\":\"https:\/\/gpluiscorderovega.gob.ec\/azuay\/#\/schema\/logo\/image\/\",\"url\":\"https:\/\/gpluiscorderovega.gob.ec\/azuay\/wp-content\/uploads\/2020\/06\/logoFooter.png\",\"contentUrl\":\"https:\/\/gpluiscorderovega.gob.ec\/azuay\/wp-content\/uploads\/2020\/06\/logoFooter.png\",\"width\":200,\"height\":150,\"caption\":\"GAD Luis Cordero Vega\"},\"image\":{\"@id\":\"https:\/\/gpluiscorderovega.gob.ec\/azuay\/#\/schema\/logo\/image\/\"}}]}<\/script>\n<!-- \/ Yoast SEO plugin. -->","yoast_head_json":{"title":"Rendici\u00f3n de Cuentas 2023 - GAD Luis Cordero Vega","robots":{"index":"index","follow":"follow","max-snippet":"max-snippet:-1","max-image-preview":"max-image-preview:large","max-video-preview":"max-video-preview:-1"},"canonical":"https:\/\/gpluiscorderovega.gob.ec\/azuay\/rendicion-de-cuentas-2023\/","og_locale":"es_ES","og_type":"article","og_title":"Rendici\u00f3n de Cuentas 2023 - GAD Luis Cordero Vega","og_description":"ACTA DE RENDICION DE CUENTAS CORRESPONDIENTE AL A\u00d1O 2023 PRESENTACION DE RENDICION DE CUENTAS PERIODO FISCAL A\u00d1O 2023 REPORTE DE RENDICION DE CUENTAS CPCCS 2023 &#8211; GAD PARROQUIAL REPORTE DE RENDICION DE CUENTAS CPCCS 2023 &#8211; PRESIDENTE JUAN ULLOA REPORTE DE RENDICION DE CUENTAS CPCCS 2023 &#8211; VICEPRESIDENTE NANCI RAMON REPORTE DE RENDICION DE CUENTAS [&hellip;]","og_url":"https:\/\/gpluiscorderovega.gob.ec\/azuay\/rendicion-de-cuentas-2023\/","og_site_name":"GAD Luis Cordero Vega","article_modified_time":"2024-09-19T15:38:45+00:00","og_image":[{"url":"https:\/\/gpluiscorderovega.gob.ec\/azuay\/wp-content\/uploads\/2024\/09\/Imagen-de-WhatsApp-2024-09-19-a-las-10.15.00_066e5a01-550x413.jpg","type":"","width":"","height":""}],"twitter_card":"summary_large_image","twitter_misc":{"Tiempo de lectura":"1 minuto"},"schema":{"@context":"https:\/\/schema.org","@graph":[{"@type":"WebPage","@id":"https:\/\/gpluiscorderovega.gob.ec\/azuay\/rendicion-de-cuentas-2023\/","url":"https:\/\/gpluiscorderovega.gob.ec\/azuay\/rendicion-de-cuentas-2023\/","name":"Rendici\u00f3n de Cuentas 2023 - GAD Luis Cordero Vega","isPartOf":{"@id":"https:\/\/gpluiscorderovega.gob.ec\/azuay\/#website"},"datePublished":"2023-01-02T18:39:24+00:00","dateModified":"2024-09-19T15:38:45+00:00","breadcrumb":{"@id":"https:\/\/gpluiscorderovega.gob.ec\/azuay\/rendicion-de-cuentas-2023\/#breadcrumb"},"inLanguage":"es","potentialAction":[{"@type":"ReadAction","target":["https:\/\/gpluiscorderovega.gob.ec\/azuay\/rendicion-de-cuentas-2023\/"]}]},{"@type":"BreadcrumbList","@id":"https:\/\/gpluiscorderovega.gob.ec\/azuay\/rendicion-de-cuentas-2023\/#breadcrumb","itemListElement":[{"@type":"ListItem","position":1,"name":"Portada","item":"https:\/\/gpluiscorderovega.gob.ec\/azuay\/"},{"@type":"ListItem","position":2,"name":"Rendici\u00f3n de Cuentas 2023"}]},{"@type":"WebSite","@id":"https:\/\/gpluiscorderovega.gob.ec\/azuay\/#website","url":"https:\/\/gpluiscorderovega.gob.ec\/azuay\/","name":"GAD Luis Cordero Vega","description":"Sitio Oficial del GAD Luis Cordero Vega Azuay","publisher":{"@id":"https:\/\/gpluiscorderovega.gob.ec\/azuay\/#organization"},"potentialAction":[{"@type":"SearchAction","target":{"@type":"EntryPoint","urlTemplate":"https:\/\/gpluiscorderovega.gob.ec\/azuay\/?s={search_term_string}"},"query-input":{"@type":"PropertyValueSpecification","valueRequired":true,"valueName":"search_term_string"}}],"inLanguage":"es"},{"@type":"Organization","@id":"https:\/\/gpluiscorderovega.gob.ec\/azuay\/#organization","name":"GAD Luis Cordero Vega","url":"https:\/\/gpluiscorderovega.gob.ec\/azuay\/","logo":{"@type":"ImageObject","inLanguage":"es","@id":"https:\/\/gpluiscorderovega.gob.ec\/azuay\/#\/schema\/logo\/image\/","url":"https:\/\/gpluiscorderovega.gob.ec\/azuay\/wp-content\/uploads\/2020\/06\/logoFooter.png","contentUrl":"https:\/\/gpluiscorderovega.gob.ec\/azuay\/wp-content\/uploads\/2020\/06\/logoFooter.png","width":200,"height":150,"caption":"GAD Luis Cordero Vega"},"image":{"@id":"https:\/\/gpluiscorderovega.gob.ec\/azuay\/#\/schema\/logo\/image\/"}}]}},"_links":{"self":[{"href":"https:\/\/gpluiscorderovega.gob.ec\/azuay\/wp-json\/wp\/v2\/pages\/1245","targetHints":{"allow":["GET"]}}],"collection":[{"href":"https:\/\/gpluiscorderovega.gob.ec\/azuay\/wp-json\/wp\/v2\/pages"}],"about":[{"href":"https:\/\/gpluiscorderovega.gob.ec\/azuay\/wp-json\/wp\/v2\/types\/page"}],"author":[{"embeddable":true,"href":"https:\/\/gpluiscorderovega.gob.ec\/azuay\/wp-json\/wp\/v2\/users\/8"}],"replies":[{"embeddable":true,"href":"https:\/\/gpluiscorderovega.gob.ec\/azuay\/wp-json\/wp\/v2\/comments?post=1245"}],"version-history":[{"count":3,"href":"https:\/\/gpluiscorderovega.gob.ec\/azuay\/wp-json\/wp\/v2\/pages\/1245\/revisions"}],"predecessor-version":[{"id":1373,"href":"https:\/\/gpluiscorderovega.gob.ec\/azuay\/wp-json\/wp\/v2\/pages\/1245\/revisions\/1373"}],"wp:attachment":[{"href":"https:\/\/gpluiscorderovega.gob.ec\/azuay\/wp-json\/wp\/v2\/media?parent=1245"}],"curies":[{"name":"wp","href":"https:\/\/api.w.org\/{rel}","templated":true}]}}