{"id":21,"date":"2014-10-24T02:10:00","date_gmt":"2014-10-24T02:10:00","guid":{"rendered":"http:\/\/gpluiscorderovega.gob.ec\/azuay\/?page_id=21"},"modified":"2020-06-02T20:41:51","modified_gmt":"2020-06-03T00:41:51","slug":"ultimas-noticias","status":"publish","type":"page","link":"https:\/\/gpluiscorderovega.gob.ec\/azuay\/ultimas-noticias\/","title":{"rendered":"Ultimas Noticias"},"content":{"rendered":"\t\t<div data-elementor-type=\"wp-page\" data-elementor-id=\"21\" class=\"elementor elementor-21\" data-elementor-settings=\"[]\">\n\t\t\t<div class=\"elementor-inner\">\n\t\t\t\t<div class=\"elementor-section-wrap\">\n\t\t\t\t\t\t\t<section class=\"elementor-element elementor-element-7571c360 elementor-section-boxed elementor-section-height-default elementor-section-height-default elementor-section elementor-top-section\" data-id=\"7571c360\" data-element_type=\"section\">\n\t\t\t\t\t\t<div class=\"elementor-container elementor-column-gap-default\">\n\t\t\t\t<div class=\"elementor-row\">\n\t\t\t\t<div class=\"elementor-element elementor-element-378d175f elementor-column elementor-col-100 elementor-top-column\" data-id=\"378d175f\" data-element_type=\"column\">\n\t\t\t<div class=\"elementor-column-wrap  elementor-element-populated\">\n\t\t\t\t\t<div class=\"elementor-widget-wrap\">\n\t\t\t\t<div class=\"elementor-element elementor-element-fae88dc elementor-grid-3 elementor-grid-tablet-2 elementor-grid-mobile-1 elementor-posts--thumbnail-top elementor-card-shadow-yes elementor-posts__hover-gradient elementor-widget elementor-widget-posts\" data-id=\"fae88dc\" data-element_type=\"widget\" data-settings=\"{&quot;cards_columns&quot;:&quot;3&quot;,&quot;cards_columns_tablet&quot;:&quot;2&quot;,&quot;cards_columns_mobile&quot;:&quot;1&quot;,&quot;cards_row_gap&quot;:{&quot;unit&quot;:&quot;px&quot;,&quot;size&quot;:35,&quot;sizes&quot;:[]}}\" data-widget_type=\"posts.cards\">\n\t\t\t\t<div class=\"elementor-widget-container\">\n\t\t\t\t\t<div class=\"elementor-posts-container elementor-posts elementor-posts--skin-cards elementor-grid\">\n\t\t\t\t<article class=\"elementor-post elementor-grid-item post-703 post type-post status-publish format-standard hentry category-sin-categoria\">\n\t\t\t<div class=\"elementor-post__card\">\n\t\t\t\t<div class=\"elementor-post__text\">\n\t\t\t\t<h3 class=\"elementor-post__title\">\n\t\t\t<a href=\"https:\/\/gpluiscorderovega.gob.ec\/azuay\/viaticos\/\">\n\t\t\t\tVIATICOS\t\t\t<\/a>\n\t\t<\/h3>\n\t\t\t\t<div class=\"elementor-post__excerpt\">\n\t\t\t<p>VI\u00c1TICOS 2018 FORMATO-SOLICITUD-120613 FORMATO-INFORME-SERVICIOS-INSTIT. INFORME FINACIERO VIATICOS<\/p>\n\t\t<\/div>\n\t\t\t\t\t<a class=\"elementor-post__read-more\" href=\"https:\/\/gpluiscorderovega.gob.ec\/azuay\/viaticos\/\">\n\t\t\t\tleer m\u00e1s \u00bb\t\t\t<\/a>\n\t\t\t\t<\/div>\n\t\t\t\t<div class=\"elementor-post__meta-data\">\n\t\t\t\t\t<span class=\"elementor-post-date\">\n\t\t\t10 abril, 2019\t\t<\/span>\n\t\t\t\t<\/div>\n\t\t\t\t\t<\/div>\n\t\t<\/article>\n\t\t\t\t<article class=\"elementor-post elementor-grid-item post-602 post type-post status-publish format-standard hentry category-sin-categoria\">\n\t\t\t<div class=\"elementor-post__card\">\n\t\t\t\t<div class=\"elementor-post__text\">\n\t\t\t\t<h3 class=\"elementor-post__title\">\n\t\t\t<a href=\"https:\/\/gpluiscorderovega.gob.ec\/azuay\/602\/\">\n\t\t\t\t\t\t\t<\/a>\n\t\t<\/h3>\n\t\t\t\t<div class=\"elementor-post__excerpt\">\n\t\t\t<p>RENDICI\u00d3N DE CUENTAS A\u00d1O 2017 LCV<\/p>\n\t\t<\/div>\n\t\t\t\t\t<a class=\"elementor-post__read-more\" href=\"https:\/\/gpluiscorderovega.gob.ec\/azuay\/602\/\">\n\t\t\t\tleer m\u00e1s \u00bb\t\t\t<\/a>\n\t\t\t\t<\/div>\n\t\t\t\t<div class=\"elementor-post__meta-data\">\n\t\t\t\t\t<span class=\"elementor-post-date\">\n\t\t\t27 abril, 2018\t\t<\/span>\n\t\t\t\t<\/div>\n\t\t\t\t\t<\/div>\n\t\t<\/article>\n\t\t\t\t<article class=\"elementor-post elementor-grid-item post-592 post type-post status-publish format-standard hentry category-actualidad\">\n\t\t\t<div class=\"elementor-post__card\">\n\t\t\t\t<div class=\"elementor-post__text\">\n\t\t\t\t<h3 class=\"elementor-post__title\">\n\t\t\t<a href=\"https:\/\/gpluiscorderovega.gob.ec\/azuay\/rendicion-de-cuentas-2017\/\">\n\t\t\t\tRENDICI\u00d3N DE CUENTAS 2017\t\t\t<\/a>\n\t\t<\/h3>\n\t\t\t\t<div class=\"elementor-post__excerpt\">\n\t\t\t<p>RENDICI\u00d3N DE CUENTAS A\u00d1O 2017 LCV<\/p>\n\t\t<\/div>\n\t\t\t\t\t<a class=\"elementor-post__read-more\" href=\"https:\/\/gpluiscorderovega.gob.ec\/azuay\/rendicion-de-cuentas-2017\/\">\n\t\t\t\tleer m\u00e1s \u00bb\t\t\t<\/a>\n\t\t\t\t<\/div>\n\t\t\t\t<div class=\"elementor-post__meta-data\">\n\t\t\t\t\t<span class=\"elementor-post-date\">\n\t\t\t27 abril, 2018\t\t<\/span>\n\t\t\t\t<\/div>\n\t\t\t\t\t<\/div>\n\t\t<\/article>\n\t\t\t\t<article class=\"elementor-post elementor-grid-item post-571 post type-post status-publish format-standard hentry category-sin-categoria\">\n\t\t\t<div class=\"elementor-post__card\">\n\t\t\t\t<div class=\"elementor-post__text\">\n\t\t\t\t<h3 class=\"elementor-post__title\">\n\t\t\t<a href=\"https:\/\/gpluiscorderovega.gob.ec\/azuay\/informacion-financiera-ano-2017\/\">\n\t\t\t\tINFORMACI\u00d3N FINANCIERA A\u00d1O 2017\t\t\t<\/a>\n\t\t<\/h3>\n\t\t\t\t<div class=\"elementor-post__excerpt\">\n\t\t\t<p>situacionfinanciera estadoresultados flujoefectivo ejecucionpresupuestaria balance comprobacion cedulagastos cedulaingresos<\/p>\n\t\t<\/div>\n\t\t\t\t\t<a class=\"elementor-post__read-more\" href=\"https:\/\/gpluiscorderovega.gob.ec\/azuay\/informacion-financiera-ano-2017\/\">\n\t\t\t\tleer m\u00e1s \u00bb\t\t\t<\/a>\n\t\t\t\t<\/div>\n\t\t\t\t<div class=\"elementor-post__meta-data\">\n\t\t\t\t\t<span class=\"elementor-post-date\">\n\t\t\t27 enero, 2018\t\t<\/span>\n\t\t\t\t<\/div>\n\t\t\t\t\t<\/div>\n\t\t<\/article>\n\t\t\t\t<article class=\"elementor-post elementor-grid-item post-596 post type-post status-publish format-standard hentry category-sin-categoria\">\n\t\t\t<div class=\"elementor-post__card\">\n\t\t\t\t<div class=\"elementor-post__text\">\n\t\t\t\t<h3 class=\"elementor-post__title\">\n\t\t\t<a href=\"https:\/\/gpluiscorderovega.gob.ec\/azuay\/procesos-de-contratacion-ano-2017\/\">\n\t\t\t\tPROCESOS DE CONTRATACI\u00d3N A\u00d1O 2017\t\t\t<\/a>\n\t\t<\/h3>\n\t\t\t\t<div class=\"elementor-post__excerpt\">\n\t\t\t<p>PROCESO CONTRATACI\u00d3N DIRECTA DE CONSULTOR\u00cdA\u00a0: CDC-GADPLCV-02-2017 PARA \u201cELABORACI\u00d3N DE LOS ESTUDIOS DE LA PLAZA DE JUEGOS POPULARES Y EL MIRADOR DE LA ENTRADA A LA<\/p>\n\t\t<\/div>\n\t\t\t\t\t<a class=\"elementor-post__read-more\" href=\"https:\/\/gpluiscorderovega.gob.ec\/azuay\/procesos-de-contratacion-ano-2017\/\">\n\t\t\t\tleer m\u00e1s \u00bb\t\t\t<\/a>\n\t\t\t\t<\/div>\n\t\t\t\t<div class=\"elementor-post__meta-data\">\n\t\t\t\t\t<span class=\"elementor-post-date\">\n\t\t\t27 diciembre, 2017\t\t<\/span>\n\t\t\t\t<\/div>\n\t\t\t\t\t<\/div>\n\t\t<\/article>\n\t\t\t\t<article class=\"elementor-post elementor-grid-item post-508 post type-post status-publish format-standard hentry category-actualidad category-s9-proyectos category-c49-proyectos\">\n\t\t\t<div class=\"elementor-post__card\">\n\t\t\t\t<div class=\"elementor-post__text\">\n\t\t\t\t<h3 class=\"elementor-post__title\">\n\t\t\t<a href=\"https:\/\/gpluiscorderovega.gob.ec\/azuay\/sigad-2016\/\">\n\t\t\t\tSIGAD 2016\t\t\t<\/a>\n\t\t<\/h3>\n\t\t\t\t<div class=\"elementor-post__excerpt\">\n\t\t\t<p>II AVANCE DE LOS PLANES PROGRAMAS Y PROYECTOS DEL A\u00d1O 2016 &nbsp; SIGAD II TRIMESTRE<\/p>\n\t\t<\/div>\n\t\t\t\t\t<a class=\"elementor-post__read-more\" href=\"https:\/\/gpluiscorderovega.gob.ec\/azuay\/sigad-2016\/\">\n\t\t\t\tleer m\u00e1s \u00bb\t\t\t<\/a>\n\t\t\t\t<\/div>\n\t\t\t\t<div class=\"elementor-post__meta-data\">\n\t\t\t\t\t<span class=\"elementor-post-date\">\n\t\t\t31 marzo, 2017\t\t<\/span>\n\t\t\t\t<\/div>\n\t\t\t\t\t<\/div>\n\t\t<\/article>\n\t\t\t\t<\/div>\n\t\t\t\t<\/div>\n\t\t\t\t<\/div>\n\t\t\t\t<div class=\"elementor-element elementor-element-d7862e8 elementor-widget elementor-widget-text-editor\" data-id=\"d7862e8\" data-element_type=\"widget\" data-widget_type=\"text-editor.default\">\n\t\t\t\t<div class=\"elementor-widget-container\">\n\t\t\t\t\t<div class=\"elementor-text-editor elementor-clearfix\">Mediante convenio Interinstitucional para la creaci\u00f3n de las brigadas parroquiales bomberiles de primera respuesta entre el Gad Parroquial Luis Cordero Vega y el Cuerpo de Bomberos de Gualaceo, el pasado S\u00e1bado 23 de enero se llev\u00f3 a cabo la graduaci\u00f3n de los voluntarios de las diferentes parroquias del cant\u00f3n. En presencia se las principales autoridades cantonales y parroquiales se dio la firma de dicho convenio, de un contrato de comodato y acta de entrega-recepci\u00f3n de materiales, herramientas y uniformes para los brigadistas. Nuestra parroquia cuenta con ocho voluntarios, los mismos que est\u00e1n capacitados y prestos para brindar ayuda en cualquier caso de emergencia en nuestro territorio.\r\n\r\n&nbsp;\r\n\r\n&nbsp;\r\n\r\n<a href=\"http:\/\/gpluiscorderovega.gob.ec\/azuay\/wp-content\/uploads\/2014\/10\/12647733_461968893988650_1646528965_n.jpg\"><img loading=\"lazy\" decoding=\"async\" class=\"alignnone size-medium wp-image-316\" src=\"http:\/\/gpluiscorderovega.gob.ec\/azuay\/wp-content\/uploads\/2014\/10\/12647733_461968893988650_1646528965_n-300x225.jpg\" alt=\"12647733_461968893988650_1646528965_n\" width=\"300\" height=\"225\" data-id=\"316\" srcset=\"https:\/\/gpluiscorderovega.gob.ec\/azuay\/wp-content\/uploads\/2014\/10\/12647733_461968893988650_1646528965_n-300x225.jpg 300w, https:\/\/gpluiscorderovega.gob.ec\/azuay\/wp-content\/uploads\/2014\/10\/12647733_461968893988650_1646528965_n.jpg 700w\" sizes=\"auto, (max-width: 300px) 100vw, 300px\" \/><\/a> <a href=\"http:\/\/gpluiscorderovega.gob.ec\/azuay\/wp-content\/uploads\/2014\/10\/12626201_461971957321677_705406617_n.jpg\"><img loading=\"lazy\" decoding=\"async\" class=\"alignnone size-medium wp-image-315\" src=\"http:\/\/gpluiscorderovega.gob.ec\/azuay\/wp-content\/uploads\/2014\/10\/12626201_461971957321677_705406617_n-161x300.jpg\" alt=\"12626201_461971957321677_705406617_n\" width=\"161\" height=\"300\" data-id=\"315\" srcset=\"https:\/\/gpluiscorderovega.gob.ec\/azuay\/wp-content\/uploads\/2014\/10\/12626201_461971957321677_705406617_n-161x300.jpg 161w, https:\/\/gpluiscorderovega.gob.ec\/azuay\/wp-content\/uploads\/2014\/10\/12626201_461971957321677_705406617_n.jpg 516w\" sizes=\"auto, (max-width: 161px) 100vw, 161px\" \/><\/a> <a href=\"http:\/\/gpluiscorderovega.gob.ec\/azuay\/wp-content\/uploads\/2014\/10\/12607360_461968990655307_527494248_n.jpg\"><img loading=\"lazy\" decoding=\"async\" class=\"alignnone size-medium wp-image-314\" src=\"http:\/\/gpluiscorderovega.gob.ec\/azuay\/wp-content\/uploads\/2014\/10\/12607360_461968990655307_527494248_n-300x225.jpg\" alt=\"12607360_461968990655307_527494248_n\" width=\"300\" height=\"225\" data-id=\"314\" srcset=\"https:\/\/gpluiscorderovega.gob.ec\/azuay\/wp-content\/uploads\/2014\/10\/12607360_461968990655307_527494248_n-300x225.jpg 300w, https:\/\/gpluiscorderovega.gob.ec\/azuay\/wp-content\/uploads\/2014\/10\/12607360_461968990655307_527494248_n.jpg 700w\" sizes=\"auto, (max-width: 300px) 100vw, 300px\" \/><\/a> <a href=\"http:\/\/gpluiscorderovega.gob.ec\/azuay\/wp-content\/uploads\/2014\/10\/12606829_461971953988344_771449859_n.jpg\"><img loading=\"lazy\" decoding=\"async\" class=\"alignnone size-medium wp-image-313\" src=\"http:\/\/gpluiscorderovega.gob.ec\/azuay\/wp-content\/uploads\/2014\/10\/12606829_461971953988344_771449859_n-225x300.jpg\" alt=\"12606829_461971953988344_771449859_n\" width=\"225\" height=\"300\" data-id=\"313\" srcset=\"https:\/\/gpluiscorderovega.gob.ec\/azuay\/wp-content\/uploads\/2014\/10\/12606829_461971953988344_771449859_n-225x300.jpg 225w, https:\/\/gpluiscorderovega.gob.ec\/azuay\/wp-content\/uploads\/2014\/10\/12606829_461971953988344_771449859_n.jpg 700w\" sizes=\"auto, (max-width: 225px) 100vw, 225px\" \/><\/a> <a href=\"http:\/\/gpluiscorderovega.gob.ec\/azuay\/wp-content\/uploads\/2014\/10\/12584080_461968903988649_217560372_n.jpg\"><img loading=\"lazy\" decoding=\"async\" class=\"alignnone size-medium wp-image-312\" src=\"http:\/\/gpluiscorderovega.gob.ec\/azuay\/wp-content\/uploads\/2014\/10\/12584080_461968903988649_217560372_n-300x225.jpg\" alt=\"12584080_461968903988649_217560372_n\" width=\"300\" height=\"225\" data-id=\"312\" srcset=\"https:\/\/gpluiscorderovega.gob.ec\/azuay\/wp-content\/uploads\/2014\/10\/12584080_461968903988649_217560372_n-300x225.jpg 300w, https:\/\/gpluiscorderovega.gob.ec\/azuay\/wp-content\/uploads\/2014\/10\/12584080_461968903988649_217560372_n.jpg 700w\" sizes=\"auto, (max-width: 300px) 100vw, 300px\" \/><\/a> <a href=\"http:\/\/gpluiscorderovega.gob.ec\/azuay\/wp-content\/uploads\/2014\/10\/12583815_461969060655300_1030893335_n.jpg\"><img loading=\"lazy\" decoding=\"async\" class=\"alignnone size-medium wp-image-311\" src=\"http:\/\/gpluiscorderovega.gob.ec\/azuay\/wp-content\/uploads\/2014\/10\/12583815_461969060655300_1030893335_n-300x225.jpg\" alt=\"12583815_461969060655300_1030893335_n\" width=\"300\" height=\"225\" data-id=\"311\" srcset=\"https:\/\/gpluiscorderovega.gob.ec\/azuay\/wp-content\/uploads\/2014\/10\/12583815_461969060655300_1030893335_n-300x225.jpg 300w, https:\/\/gpluiscorderovega.gob.ec\/azuay\/wp-content\/uploads\/2014\/10\/12583815_461969060655300_1030893335_n.jpg 700w\" sizes=\"auto, (max-width: 300px) 100vw, 300px\" \/><\/a> <a href=\"http:\/\/gpluiscorderovega.gob.ec\/azuay\/wp-content\/uploads\/2014\/10\/12576102_461968910655315_608071266_n.jpg\"><img loading=\"lazy\" decoding=\"async\" class=\"alignnone size-medium wp-image-310\" src=\"http:\/\/gpluiscorderovega.gob.ec\/azuay\/wp-content\/uploads\/2014\/10\/12576102_461968910655315_608071266_n-300x225.jpg\" alt=\"12576102_461968910655315_608071266_n\" width=\"300\" height=\"225\" data-id=\"310\" srcset=\"https:\/\/gpluiscorderovega.gob.ec\/azuay\/wp-content\/uploads\/2014\/10\/12576102_461968910655315_608071266_n-300x225.jpg 300w, https:\/\/gpluiscorderovega.gob.ec\/azuay\/wp-content\/uploads\/2014\/10\/12576102_461968910655315_608071266_n.jpg 700w\" sizes=\"auto, (max-width: 300px) 100vw, 300px\" \/><\/a> <a href=\"http:\/\/gpluiscorderovega.gob.ec\/azuay\/wp-content\/uploads\/2014\/10\/12575972_461968970655309_1759275429_n.jpg\"><img loading=\"lazy\" decoding=\"async\" class=\"alignnone size-medium wp-image-309\" src=\"http:\/\/gpluiscorderovega.gob.ec\/azuay\/wp-content\/uploads\/2014\/10\/12575972_461968970655309_1759275429_n-300x225.jpg\" alt=\"12575972_461968970655309_1759275429_n\" width=\"300\" height=\"225\" data-id=\"309\" srcset=\"https:\/\/gpluiscorderovega.gob.ec\/azuay\/wp-content\/uploads\/2014\/10\/12575972_461968970655309_1759275429_n-300x225.jpg 300w, https:\/\/gpluiscorderovega.gob.ec\/azuay\/wp-content\/uploads\/2014\/10\/12575972_461968970655309_1759275429_n.jpg 700w\" sizes=\"auto, (max-width: 300px) 100vw, 300px\" \/><\/a> <a href=\"http:\/\/gpluiscorderovega.gob.ec\/azuay\/wp-content\/uploads\/2014\/10\/12557628_461968863988653_1396584390_o.jpg\"><img loading=\"lazy\" decoding=\"async\" class=\"alignnone size-medium wp-image-308\" src=\"http:\/\/gpluiscorderovega.gob.ec\/azuay\/wp-content\/uploads\/2014\/10\/12557628_461968863988653_1396584390_o-300x166.jpg\" alt=\"12557628_461968863988653_1396584390_o\" width=\"300\" height=\"166\" data-id=\"308\" srcset=\"https:\/\/gpluiscorderovega.gob.ec\/azuay\/wp-content\/uploads\/2014\/10\/12557628_461968863988653_1396584390_o-300x166.jpg 300w, https:\/\/gpluiscorderovega.gob.ec\/azuay\/wp-content\/uploads\/2014\/10\/12557628_461968863988653_1396584390_o.jpg 700w\" sizes=\"auto, (max-width: 300px) 100vw, 300px\" \/><\/a><\/div>\n\t\t\t\t<\/div>\n\t\t\t\t<\/div>\n\t\t\t\t\t\t<\/div>\n\t\t\t<\/div>\n\t\t<\/div>\n\t\t\t\t\t\t<\/div>\n\t\t\t<\/div>\n\t\t<\/section>\n\t\t\t\t\t\t<\/div>\n\t\t\t<\/div>\n\t\t<\/div>\n\t\t","protected":false},"excerpt":{"rendered":"<p>Mediante convenio Interinstitucional para la creaci\u00f3n de las brigadas parroquiales bomberiles de primera respuesta entre el Gad Parroquial Luis Cordero Vega y el Cuerpo de Bomberos de Gualaceo, el pasado S\u00e1bado 23 de enero se llev\u00f3 a cabo la graduaci\u00f3n de los voluntarios de las diferentes parroquias del cant\u00f3n. En presencia se las principales autoridades [&hellip;]<\/p>\n","protected":false},"author":8,"featured_media":0,"parent":0,"menu_order":0,"comment_status":"closed","ping_status":"open","template":"","meta":{"footnotes":""},"class_list":["post-21","page","type-page","status-publish","hentry"],"yoast_head":"<!-- This site is optimized with the Yoast SEO plugin v24.1 - https:\/\/yoast.com\/wordpress\/plugins\/seo\/ -->\n<title>Ultimas Noticias - GAD Luis Cordero Vega<\/title>\n<meta name=\"robots\" content=\"index, follow, max-snippet:-1, max-image-preview:large, max-video-preview:-1\" \/>\n<link rel=\"canonical\" href=\"https:\/\/gpluiscorderovega.gob.ec\/azuay\/ultimas-noticias\/\" \/>\n<meta property=\"og:locale\" content=\"es_ES\" \/>\n<meta property=\"og:type\" content=\"article\" \/>\n<meta property=\"og:title\" content=\"Ultimas Noticias - GAD Luis Cordero Vega\" \/>\n<meta property=\"og:description\" content=\"Mediante convenio Interinstitucional para la creaci\u00f3n de las brigadas parroquiales bomberiles de primera respuesta entre el Gad Parroquial Luis Cordero Vega y el Cuerpo de Bomberos de Gualaceo, el pasado S\u00e1bado 23 de enero se llev\u00f3 a cabo la graduaci\u00f3n de los voluntarios de las diferentes parroquias del cant\u00f3n. En presencia se las principales autoridades [&hellip;]\" \/>\n<meta property=\"og:url\" content=\"https:\/\/gpluiscorderovega.gob.ec\/azuay\/ultimas-noticias\/\" \/>\n<meta property=\"og:site_name\" content=\"GAD Luis Cordero Vega\" \/>\n<meta property=\"article:modified_time\" content=\"2020-06-03T00:41:51+00:00\" \/>\n<meta property=\"og:image\" content=\"http:\/\/gpluiscorderovega.gob.ec\/azuay\/wp-content\/uploads\/2014\/10\/12647733_461968893988650_1646528965_n-300x225.jpg\" \/>\n<meta name=\"twitter:card\" content=\"summary_large_image\" \/>\n<meta name=\"twitter:label1\" content=\"Tiempo de lectura\" \/>\n\t<meta name=\"twitter:data1\" content=\"1 minuto\" \/>\n<script type=\"application\/ld+json\" class=\"yoast-schema-graph\">{\"@context\":\"https:\/\/schema.org\",\"@graph\":[{\"@type\":\"WebPage\",\"@id\":\"https:\/\/gpluiscorderovega.gob.ec\/azuay\/ultimas-noticias\/\",\"url\":\"https:\/\/gpluiscorderovega.gob.ec\/azuay\/ultimas-noticias\/\",\"name\":\"Ultimas Noticias - GAD Luis Cordero Vega\",\"isPartOf\":{\"@id\":\"https:\/\/gpluiscorderovega.gob.ec\/azuay\/#website\"},\"primaryImageOfPage\":{\"@id\":\"https:\/\/gpluiscorderovega.gob.ec\/azuay\/ultimas-noticias\/#primaryimage\"},\"image\":{\"@id\":\"https:\/\/gpluiscorderovega.gob.ec\/azuay\/ultimas-noticias\/#primaryimage\"},\"thumbnailUrl\":\"http:\/\/gpluiscorderovega.gob.ec\/azuay\/wp-content\/uploads\/2014\/10\/12647733_461968893988650_1646528965_n-300x225.jpg\",\"datePublished\":\"2014-10-24T02:10:00+00:00\",\"dateModified\":\"2020-06-03T00:41:51+00:00\",\"breadcrumb\":{\"@id\":\"https:\/\/gpluiscorderovega.gob.ec\/azuay\/ultimas-noticias\/#breadcrumb\"},\"inLanguage\":\"es\",\"potentialAction\":[{\"@type\":\"ReadAction\",\"target\":[\"https:\/\/gpluiscorderovega.gob.ec\/azuay\/ultimas-noticias\/\"]}]},{\"@type\":\"ImageObject\",\"inLanguage\":\"es\",\"@id\":\"https:\/\/gpluiscorderovega.gob.ec\/azuay\/ultimas-noticias\/#primaryimage\",\"url\":\"https:\/\/gpluiscorderovega.gob.ec\/azuay\/wp-content\/uploads\/2014\/10\/12647733_461968893988650_1646528965_n.jpg\",\"contentUrl\":\"https:\/\/gpluiscorderovega.gob.ec\/azuay\/wp-content\/uploads\/2014\/10\/12647733_461968893988650_1646528965_n.jpg\",\"width\":700,\"height\":525},{\"@type\":\"BreadcrumbList\",\"@id\":\"https:\/\/gpluiscorderovega.gob.ec\/azuay\/ultimas-noticias\/#breadcrumb\",\"itemListElement\":[{\"@type\":\"ListItem\",\"position\":1,\"name\":\"Portada\",\"item\":\"https:\/\/gpluiscorderovega.gob.ec\/azuay\/\"},{\"@type\":\"ListItem\",\"position\":2,\"name\":\"Ultimas Noticias\"}]},{\"@type\":\"WebSite\",\"@id\":\"https:\/\/gpluiscorderovega.gob.ec\/azuay\/#website\",\"url\":\"https:\/\/gpluiscorderovega.gob.ec\/azuay\/\",\"name\":\"GAD Luis Cordero Vega\",\"description\":\"Sitio Oficial del GAD Luis Cordero Vega Azuay\",\"publisher\":{\"@id\":\"https:\/\/gpluiscorderovega.gob.ec\/azuay\/#organization\"},\"potentialAction\":[{\"@type\":\"SearchAction\",\"target\":{\"@type\":\"EntryPoint\",\"urlTemplate\":\"https:\/\/gpluiscorderovega.gob.ec\/azuay\/?s={search_term_string}\"},\"query-input\":{\"@type\":\"PropertyValueSpecification\",\"valueRequired\":true,\"valueName\":\"search_term_string\"}}],\"inLanguage\":\"es\"},{\"@type\":\"Organization\",\"@id\":\"https:\/\/gpluiscorderovega.gob.ec\/azuay\/#organization\",\"name\":\"GAD Luis Cordero Vega\",\"url\":\"https:\/\/gpluiscorderovega.gob.ec\/azuay\/\",\"logo\":{\"@type\":\"ImageObject\",\"inLanguage\":\"es\",\"@id\":\"https:\/\/gpluiscorderovega.gob.ec\/azuay\/#\/schema\/logo\/image\/\",\"url\":\"https:\/\/gpluiscorderovega.gob.ec\/azuay\/wp-content\/uploads\/2020\/06\/logoFooter.png\",\"contentUrl\":\"https:\/\/gpluiscorderovega.gob.ec\/azuay\/wp-content\/uploads\/2020\/06\/logoFooter.png\",\"width\":200,\"height\":150,\"caption\":\"GAD Luis Cordero Vega\"},\"image\":{\"@id\":\"https:\/\/gpluiscorderovega.gob.ec\/azuay\/#\/schema\/logo\/image\/\"}}]}<\/script>\n<!-- \/ Yoast SEO plugin. -->","yoast_head_json":{"title":"Ultimas Noticias - GAD Luis Cordero Vega","robots":{"index":"index","follow":"follow","max-snippet":"max-snippet:-1","max-image-preview":"max-image-preview:large","max-video-preview":"max-video-preview:-1"},"canonical":"https:\/\/gpluiscorderovega.gob.ec\/azuay\/ultimas-noticias\/","og_locale":"es_ES","og_type":"article","og_title":"Ultimas Noticias - GAD Luis Cordero Vega","og_description":"Mediante convenio Interinstitucional para la creaci\u00f3n de las brigadas parroquiales bomberiles de primera respuesta entre el Gad Parroquial Luis Cordero Vega y el Cuerpo de Bomberos de Gualaceo, el pasado S\u00e1bado 23 de enero se llev\u00f3 a cabo la graduaci\u00f3n de los voluntarios de las diferentes parroquias del cant\u00f3n. En presencia se las principales autoridades [&hellip;]","og_url":"https:\/\/gpluiscorderovega.gob.ec\/azuay\/ultimas-noticias\/","og_site_name":"GAD Luis Cordero Vega","article_modified_time":"2020-06-03T00:41:51+00:00","og_image":[{"url":"http:\/\/gpluiscorderovega.gob.ec\/azuay\/wp-content\/uploads\/2014\/10\/12647733_461968893988650_1646528965_n-300x225.jpg","type":"","width":"","height":""}],"twitter_card":"summary_large_image","twitter_misc":{"Tiempo de lectura":"1 minuto"},"schema":{"@context":"https:\/\/schema.org","@graph":[{"@type":"WebPage","@id":"https:\/\/gpluiscorderovega.gob.ec\/azuay\/ultimas-noticias\/","url":"https:\/\/gpluiscorderovega.gob.ec\/azuay\/ultimas-noticias\/","name":"Ultimas Noticias - GAD Luis Cordero Vega","isPartOf":{"@id":"https:\/\/gpluiscorderovega.gob.ec\/azuay\/#website"},"primaryImageOfPage":{"@id":"https:\/\/gpluiscorderovega.gob.ec\/azuay\/ultimas-noticias\/#primaryimage"},"image":{"@id":"https:\/\/gpluiscorderovega.gob.ec\/azuay\/ultimas-noticias\/#primaryimage"},"thumbnailUrl":"http:\/\/gpluiscorderovega.gob.ec\/azuay\/wp-content\/uploads\/2014\/10\/12647733_461968893988650_1646528965_n-300x225.jpg","datePublished":"2014-10-24T02:10:00+00:00","dateModified":"2020-06-03T00:41:51+00:00","breadcrumb":{"@id":"https:\/\/gpluiscorderovega.gob.ec\/azuay\/ultimas-noticias\/#breadcrumb"},"inLanguage":"es","potentialAction":[{"@type":"ReadAction","target":["https:\/\/gpluiscorderovega.gob.ec\/azuay\/ultimas-noticias\/"]}]},{"@type":"ImageObject","inLanguage":"es","@id":"https:\/\/gpluiscorderovega.gob.ec\/azuay\/ultimas-noticias\/#primaryimage","url":"https:\/\/gpluiscorderovega.gob.ec\/azuay\/wp-content\/uploads\/2014\/10\/12647733_461968893988650_1646528965_n.jpg","contentUrl":"https:\/\/gpluiscorderovega.gob.ec\/azuay\/wp-content\/uploads\/2014\/10\/12647733_461968893988650_1646528965_n.jpg","width":700,"height":525},{"@type":"BreadcrumbList","@id":"https:\/\/gpluiscorderovega.gob.ec\/azuay\/ultimas-noticias\/#breadcrumb","itemListElement":[{"@type":"ListItem","position":1,"name":"Portada","item":"https:\/\/gpluiscorderovega.gob.ec\/azuay\/"},{"@type":"ListItem","position":2,"name":"Ultimas Noticias"}]},{"@type":"WebSite","@id":"https:\/\/gpluiscorderovega.gob.ec\/azuay\/#website","url":"https:\/\/gpluiscorderovega.gob.ec\/azuay\/","name":"GAD Luis Cordero Vega","description":"Sitio Oficial del GAD Luis Cordero Vega Azuay","publisher":{"@id":"https:\/\/gpluiscorderovega.gob.ec\/azuay\/#organization"},"potentialAction":[{"@type":"SearchAction","target":{"@type":"EntryPoint","urlTemplate":"https:\/\/gpluiscorderovega.gob.ec\/azuay\/?s={search_term_string}"},"query-input":{"@type":"PropertyValueSpecification","valueRequired":true,"valueName":"search_term_string"}}],"inLanguage":"es"},{"@type":"Organization","@id":"https:\/\/gpluiscorderovega.gob.ec\/azuay\/#organization","name":"GAD Luis Cordero Vega","url":"https:\/\/gpluiscorderovega.gob.ec\/azuay\/","logo":{"@type":"ImageObject","inLanguage":"es","@id":"https:\/\/gpluiscorderovega.gob.ec\/azuay\/#\/schema\/logo\/image\/","url":"https:\/\/gpluiscorderovega.gob.ec\/azuay\/wp-content\/uploads\/2020\/06\/logoFooter.png","contentUrl":"https:\/\/gpluiscorderovega.gob.ec\/azuay\/wp-content\/uploads\/2020\/06\/logoFooter.png","width":200,"height":150,"caption":"GAD Luis Cordero Vega"},"image":{"@id":"https:\/\/gpluiscorderovega.gob.ec\/azuay\/#\/schema\/logo\/image\/"}}]}},"_links":{"self":[{"href":"https:\/\/gpluiscorderovega.gob.ec\/azuay\/wp-json\/wp\/v2\/pages\/21","targetHints":{"allow":["GET"]}}],"collection":[{"href":"https:\/\/gpluiscorderovega.gob.ec\/azuay\/wp-json\/wp\/v2\/pages"}],"about":[{"href":"https:\/\/gpluiscorderovega.gob.ec\/azuay\/wp-json\/wp\/v2\/types\/page"}],"author":[{"embeddable":true,"href":"https:\/\/gpluiscorderovega.gob.ec\/azuay\/wp-json\/wp\/v2\/users\/8"}],"replies":[{"embeddable":true,"href":"https:\/\/gpluiscorderovega.gob.ec\/azuay\/wp-json\/wp\/v2\/comments?post=21"}],"version-history":[{"count":4,"href":"https:\/\/gpluiscorderovega.gob.ec\/azuay\/wp-json\/wp\/v2\/pages\/21\/revisions"}],"predecessor-version":[{"id":831,"href":"https:\/\/gpluiscorderovega.gob.ec\/azuay\/wp-json\/wp\/v2\/pages\/21\/revisions\/831"}],"wp:attachment":[{"href":"https:\/\/gpluiscorderovega.gob.ec\/azuay\/wp-json\/wp\/v2\/media?parent=21"}],"curies":[{"name":"wp","href":"https:\/\/api.w.org\/{rel}","templated":true}]}}