{"id":23,"date":"2014-10-24T02:12:28","date_gmt":"2014-10-24T02:12:28","guid":{"rendered":"http:\/\/gpluiscorderovega.gob.ec\/azuay\/?page_id=23"},"modified":"2020-07-28T12:47:38","modified_gmt":"2020-07-28T16:47:38","slug":"contactenos","status":"publish","type":"page","link":"https:\/\/gpluiscorderovega.gob.ec\/azuay\/contactenos\/","title":{"rendered":"Cont\u00e1ctenos"},"content":{"rendered":"<table>\n<tbody>\n<tr>\n<td width=\"400\">\n<div class=\"wpcf7 no-js\" id=\"wpcf7-f555-o1\" lang=\"es-ES\" dir=\"ltr\" data-wpcf7-id=\"555\">\n<div class=\"screen-reader-response\"><p role=\"status\" aria-live=\"polite\" aria-atomic=\"true\"><\/p> <ul><\/ul><\/div>\n<form action=\"\/azuay\/wp-json\/wp\/v2\/pages\/23#wpcf7-f555-o1\" method=\"post\" class=\"wpcf7-form init\" aria-label=\"Formulario de contacto\" novalidate=\"novalidate\" data-status=\"init\">\n<div style=\"display: none;\">\n<input type=\"hidden\" name=\"_wpcf7\" value=\"555\" \/>\n<input type=\"hidden\" name=\"_wpcf7_version\" value=\"6.0.2\" \/>\n<input type=\"hidden\" name=\"_wpcf7_locale\" value=\"es_ES\" \/>\n<input type=\"hidden\" name=\"_wpcf7_unit_tag\" value=\"wpcf7-f555-o1\" \/>\n<input type=\"hidden\" name=\"_wpcf7_container_post\" value=\"0\" \/>\n<input type=\"hidden\" name=\"_wpcf7_posted_data_hash\" value=\"\" \/>\n<input type=\"hidden\" name=\"_wpcf7_recaptcha_response\" value=\"\" \/>\n<\/div>\n<p><label> Nombre (requerido)<br \/>\n<span class=\"wpcf7-form-control-wrap\" data-name=\"your-name\"><input size=\"40\" maxlength=\"400\" class=\"wpcf7-form-control wpcf7-text wpcf7-validates-as-required\" aria-required=\"true\" aria-invalid=\"false\" value=\"\" type=\"text\" name=\"your-name\" \/><\/span> <\/label>\n<\/p>\n<p><label> Tu correo electr\u00f3nico (requerido)<br \/>\n<span class=\"wpcf7-form-control-wrap\" data-name=\"your-email\"><input size=\"40\" maxlength=\"400\" class=\"wpcf7-form-control wpcf7-email wpcf7-validates-as-required wpcf7-text wpcf7-validates-as-email\" aria-required=\"true\" aria-invalid=\"false\" value=\"\" type=\"email\" name=\"your-email\" \/><\/span> <\/label>\n<\/p>\n<p><label> Asunto<br \/>\n<span class=\"wpcf7-form-control-wrap\" data-name=\"your-subject\"><input size=\"40\" maxlength=\"400\" class=\"wpcf7-form-control wpcf7-text\" aria-invalid=\"false\" value=\"\" type=\"text\" name=\"your-subject\" \/><\/span> <\/label>\n<\/p>\n<p><label> Mensaje<br \/>\n<span class=\"wpcf7-form-control-wrap\" data-name=\"your-message\"><textarea cols=\"40\" rows=\"10\" maxlength=\"2000\" class=\"wpcf7-form-control wpcf7-textarea\" aria-invalid=\"false\" name=\"your-message\"><\/textarea><\/span> <\/label><br \/>\n<span class=\"wpcf7-form-control-wrap recaptcha\" data-name=\"recaptcha\"><span data-sitekey=\"6LdCWDoUAAAAADVjCHMXEMRrPsdhPsn9iQaZaeIh\" class=\"wpcf7-form-control wpcf7-recaptcha g-recaptcha\"><\/span>\r\n<noscript>\r\n\t<div class=\"grecaptcha-noscript\">\r\n\t\t<iframe loading=\"lazy\" src=\"https:\/\/www.google.com\/recaptcha\/api\/fallback?k=6LdCWDoUAAAAADVjCHMXEMRrPsdhPsn9iQaZaeIh\" frameborder=\"0\" scrolling=\"no\" width=\"310\" height=\"430\">\r\n\t\t<\/iframe>\r\n\t\t<textarea name=\"g-recaptcha-response\" rows=\"3\" cols=\"40\" placeholder=\"Aqu\u00ed la respuesta de reCAPTCHA\">\r\n\t\t<\/textarea>\r\n\t<\/div>\r\n<\/noscript>\r\n<\/span>\n<\/p>\n<p><input class=\"wpcf7-form-control wpcf7-submit has-spinner\" type=\"submit\" value=\"Enviar\" \/>\n<\/p><p style=\"display: none !important;\" class=\"akismet-fields-container\" data-prefix=\"_wpcf7_ak_\"><label>&#916;<textarea name=\"_wpcf7_ak_hp_textarea\" cols=\"45\" rows=\"8\" maxlength=\"100\"><\/textarea><\/label><input type=\"hidden\" id=\"ak_js_1\" name=\"_wpcf7_ak_js\" value=\"194\"\/><script>document.getElementById( \"ak_js_1\" ).setAttribute( \"value\", ( new Date() ).getTime() );<\/script><\/p><div class=\"wpcf7-response-output\" aria-hidden=\"true\"><\/div>\n<\/form>\n<\/div>\n<\/td>\n<td width=\"400\">&nbsp;<\/p>\n<p style=\"text-align: center;\"><img loading=\"lazy\" decoding=\"async\" class=\"alignnone wp-image-560\" src=\"http:\/\/gpluiscorderovega.gob.ec\/azuay\/wp-content\/uploads\/2014\/10\/LOGO-FINAL.jpg\" alt=\"\" width=\"207\" height=\"159\" data-id=\"560\" \/><\/p>\n<p style=\"text-align: center;\"><b>Gobierno Aut\u00f3nomo Descentralizado Parroquial Rural \u00abLuis Cordero Vega\u00bb<\/b><\/p>\n<p style=\"text-align: center;\"><b><strong>Direcci\u00f3n:<\/strong> <\/b>V\u00eda a lim\u00f3n, centro parroquial, junto a la iglesia (lagu\u00e1n).<\/p>\n<p style=\"text-align: center;\"><strong>Telf.: <\/strong>073 051 029<\/p>\n<p style=\"text-align: center;\"><strong>\u00a0E-mail:<\/strong>\u00a0info@gpluiscorderovega.gob.ec<\/p>\n<p style=\"text-align: center;\"><strong>Gualaceo &#8211; Azuay &#8211; Ecuador<\/strong><\/p>\n<\/td>\n<\/tr>\n<\/tbody>\n<\/table>\n","protected":false},"excerpt":{"rendered":"<p>&nbsp; Gobierno Aut\u00f3nomo Descentralizado Parroquial Rural \u00abLuis Cordero Vega\u00bb Direcci\u00f3n: V\u00eda a lim\u00f3n, centro parroquial, junto a la iglesia (lagu\u00e1n). Telf.: 073 051 029 \u00a0E-mail:\u00a0info@gpluiscorderovega.gob.ec Gualaceo &#8211; Azuay &#8211; Ecuador<\/p>\n","protected":false},"author":8,"featured_media":0,"parent":0,"menu_order":0,"comment_status":"closed","ping_status":"open","template":"","meta":{"footnotes":""},"class_list":["post-23","page","type-page","status-publish","hentry"],"yoast_head":"<!-- This site is optimized with the Yoast SEO plugin v24.1 - https:\/\/yoast.com\/wordpress\/plugins\/seo\/ -->\n<title>Cont\u00e1ctenos - GAD Luis Cordero Vega<\/title>\n<meta name=\"robots\" content=\"index, follow, max-snippet:-1, max-image-preview:large, max-video-preview:-1\" \/>\n<link rel=\"canonical\" href=\"https:\/\/gpluiscorderovega.gob.ec\/azuay\/contactenos\/\" \/>\n<meta property=\"og:locale\" content=\"es_ES\" \/>\n<meta property=\"og:type\" content=\"article\" \/>\n<meta property=\"og:title\" content=\"Cont\u00e1ctenos - GAD Luis Cordero Vega\" \/>\n<meta property=\"og:description\" content=\"&nbsp; Gobierno Aut\u00f3nomo Descentralizado Parroquial Rural \u00abLuis Cordero Vega\u00bb Direcci\u00f3n: V\u00eda a lim\u00f3n, centro parroquial, junto a la iglesia (lagu\u00e1n). Telf.: 073 051 029 \u00a0E-mail:\u00a0info@gpluiscorderovega.gob.ec Gualaceo &#8211; Azuay &#8211; Ecuador\" \/>\n<meta property=\"og:url\" content=\"https:\/\/gpluiscorderovega.gob.ec\/azuay\/contactenos\/\" \/>\n<meta property=\"og:site_name\" content=\"GAD Luis Cordero Vega\" \/>\n<meta property=\"article:modified_time\" content=\"2020-07-28T16:47:38+00:00\" \/>\n<meta property=\"og:image\" content=\"http:\/\/gpluiscorderovega.gob.ec\/azuay\/wp-content\/uploads\/2014\/10\/LOGO-FINAL.jpg\" \/>\n<meta name=\"twitter:card\" content=\"summary_large_image\" \/>\n<script type=\"application\/ld+json\" class=\"yoast-schema-graph\">{\"@context\":\"https:\/\/schema.org\",\"@graph\":[{\"@type\":\"WebPage\",\"@id\":\"https:\/\/gpluiscorderovega.gob.ec\/azuay\/contactenos\/\",\"url\":\"https:\/\/gpluiscorderovega.gob.ec\/azuay\/contactenos\/\",\"name\":\"Cont\u00e1ctenos - GAD Luis Cordero Vega\",\"isPartOf\":{\"@id\":\"https:\/\/gpluiscorderovega.gob.ec\/azuay\/#website\"},\"primaryImageOfPage\":{\"@id\":\"https:\/\/gpluiscorderovega.gob.ec\/azuay\/contactenos\/#primaryimage\"},\"image\":{\"@id\":\"https:\/\/gpluiscorderovega.gob.ec\/azuay\/contactenos\/#primaryimage\"},\"thumbnailUrl\":\"http:\/\/gpluiscorderovega.gob.ec\/azuay\/wp-content\/uploads\/2014\/10\/LOGO-FINAL.jpg\",\"datePublished\":\"2014-10-24T02:12:28+00:00\",\"dateModified\":\"2020-07-28T16:47:38+00:00\",\"breadcrumb\":{\"@id\":\"https:\/\/gpluiscorderovega.gob.ec\/azuay\/contactenos\/#breadcrumb\"},\"inLanguage\":\"es\",\"potentialAction\":[{\"@type\":\"ReadAction\",\"target\":[\"https:\/\/gpluiscorderovega.gob.ec\/azuay\/contactenos\/\"]}]},{\"@type\":\"ImageObject\",\"inLanguage\":\"es\",\"@id\":\"https:\/\/gpluiscorderovega.gob.ec\/azuay\/contactenos\/#primaryimage\",\"url\":\"http:\/\/gpluiscorderovega.gob.ec\/azuay\/wp-content\/uploads\/2014\/10\/LOGO-FINAL.jpg\",\"contentUrl\":\"http:\/\/gpluiscorderovega.gob.ec\/azuay\/wp-content\/uploads\/2014\/10\/LOGO-FINAL.jpg\"},{\"@type\":\"BreadcrumbList\",\"@id\":\"https:\/\/gpluiscorderovega.gob.ec\/azuay\/contactenos\/#breadcrumb\",\"itemListElement\":[{\"@type\":\"ListItem\",\"position\":1,\"name\":\"Portada\",\"item\":\"https:\/\/gpluiscorderovega.gob.ec\/azuay\/\"},{\"@type\":\"ListItem\",\"position\":2,\"name\":\"Cont\u00e1ctenos\"}]},{\"@type\":\"WebSite\",\"@id\":\"https:\/\/gpluiscorderovega.gob.ec\/azuay\/#website\",\"url\":\"https:\/\/gpluiscorderovega.gob.ec\/azuay\/\",\"name\":\"GAD Luis Cordero Vega\",\"description\":\"Sitio Oficial del GAD Luis Cordero Vega Azuay\",\"publisher\":{\"@id\":\"https:\/\/gpluiscorderovega.gob.ec\/azuay\/#organization\"},\"potentialAction\":[{\"@type\":\"SearchAction\",\"target\":{\"@type\":\"EntryPoint\",\"urlTemplate\":\"https:\/\/gpluiscorderovega.gob.ec\/azuay\/?s={search_term_string}\"},\"query-input\":{\"@type\":\"PropertyValueSpecification\",\"valueRequired\":true,\"valueName\":\"search_term_string\"}}],\"inLanguage\":\"es\"},{\"@type\":\"Organization\",\"@id\":\"https:\/\/gpluiscorderovega.gob.ec\/azuay\/#organization\",\"name\":\"GAD Luis Cordero Vega\",\"url\":\"https:\/\/gpluiscorderovega.gob.ec\/azuay\/\",\"logo\":{\"@type\":\"ImageObject\",\"inLanguage\":\"es\",\"@id\":\"https:\/\/gpluiscorderovega.gob.ec\/azuay\/#\/schema\/logo\/image\/\",\"url\":\"https:\/\/gpluiscorderovega.gob.ec\/azuay\/wp-content\/uploads\/2020\/06\/logoFooter.png\",\"contentUrl\":\"https:\/\/gpluiscorderovega.gob.ec\/azuay\/wp-content\/uploads\/2020\/06\/logoFooter.png\",\"width\":200,\"height\":150,\"caption\":\"GAD Luis Cordero Vega\"},\"image\":{\"@id\":\"https:\/\/gpluiscorderovega.gob.ec\/azuay\/#\/schema\/logo\/image\/\"}}]}<\/script>\n<!-- \/ Yoast SEO plugin. -->","yoast_head_json":{"title":"Cont\u00e1ctenos - GAD Luis Cordero Vega","robots":{"index":"index","follow":"follow","max-snippet":"max-snippet:-1","max-image-preview":"max-image-preview:large","max-video-preview":"max-video-preview:-1"},"canonical":"https:\/\/gpluiscorderovega.gob.ec\/azuay\/contactenos\/","og_locale":"es_ES","og_type":"article","og_title":"Cont\u00e1ctenos - GAD Luis Cordero Vega","og_description":"&nbsp; Gobierno Aut\u00f3nomo Descentralizado Parroquial Rural \u00abLuis Cordero Vega\u00bb Direcci\u00f3n: V\u00eda a lim\u00f3n, centro parroquial, junto a la iglesia (lagu\u00e1n). Telf.: 073 051 029 \u00a0E-mail:\u00a0info@gpluiscorderovega.gob.ec Gualaceo &#8211; Azuay &#8211; Ecuador","og_url":"https:\/\/gpluiscorderovega.gob.ec\/azuay\/contactenos\/","og_site_name":"GAD Luis Cordero Vega","article_modified_time":"2020-07-28T16:47:38+00:00","og_image":[{"url":"http:\/\/gpluiscorderovega.gob.ec\/azuay\/wp-content\/uploads\/2014\/10\/LOGO-FINAL.jpg","type":"","width":"","height":""}],"twitter_card":"summary_large_image","schema":{"@context":"https:\/\/schema.org","@graph":[{"@type":"WebPage","@id":"https:\/\/gpluiscorderovega.gob.ec\/azuay\/contactenos\/","url":"https:\/\/gpluiscorderovega.gob.ec\/azuay\/contactenos\/","name":"Cont\u00e1ctenos - GAD Luis Cordero Vega","isPartOf":{"@id":"https:\/\/gpluiscorderovega.gob.ec\/azuay\/#website"},"primaryImageOfPage":{"@id":"https:\/\/gpluiscorderovega.gob.ec\/azuay\/contactenos\/#primaryimage"},"image":{"@id":"https:\/\/gpluiscorderovega.gob.ec\/azuay\/contactenos\/#primaryimage"},"thumbnailUrl":"http:\/\/gpluiscorderovega.gob.ec\/azuay\/wp-content\/uploads\/2014\/10\/LOGO-FINAL.jpg","datePublished":"2014-10-24T02:12:28+00:00","dateModified":"2020-07-28T16:47:38+00:00","breadcrumb":{"@id":"https:\/\/gpluiscorderovega.gob.ec\/azuay\/contactenos\/#breadcrumb"},"inLanguage":"es","potentialAction":[{"@type":"ReadAction","target":["https:\/\/gpluiscorderovega.gob.ec\/azuay\/contactenos\/"]}]},{"@type":"ImageObject","inLanguage":"es","@id":"https:\/\/gpluiscorderovega.gob.ec\/azuay\/contactenos\/#primaryimage","url":"http:\/\/gpluiscorderovega.gob.ec\/azuay\/wp-content\/uploads\/2014\/10\/LOGO-FINAL.jpg","contentUrl":"http:\/\/gpluiscorderovega.gob.ec\/azuay\/wp-content\/uploads\/2014\/10\/LOGO-FINAL.jpg"},{"@type":"BreadcrumbList","@id":"https:\/\/gpluiscorderovega.gob.ec\/azuay\/contactenos\/#breadcrumb","itemListElement":[{"@type":"ListItem","position":1,"name":"Portada","item":"https:\/\/gpluiscorderovega.gob.ec\/azuay\/"},{"@type":"ListItem","position":2,"name":"Cont\u00e1ctenos"}]},{"@type":"WebSite","@id":"https:\/\/gpluiscorderovega.gob.ec\/azuay\/#website","url":"https:\/\/gpluiscorderovega.gob.ec\/azuay\/","name":"GAD Luis Cordero Vega","description":"Sitio Oficial del GAD Luis Cordero Vega Azuay","publisher":{"@id":"https:\/\/gpluiscorderovega.gob.ec\/azuay\/#organization"},"potentialAction":[{"@type":"SearchAction","target":{"@type":"EntryPoint","urlTemplate":"https:\/\/gpluiscorderovega.gob.ec\/azuay\/?s={search_term_string}"},"query-input":{"@type":"PropertyValueSpecification","valueRequired":true,"valueName":"search_term_string"}}],"inLanguage":"es"},{"@type":"Organization","@id":"https:\/\/gpluiscorderovega.gob.ec\/azuay\/#organization","name":"GAD Luis Cordero Vega","url":"https:\/\/gpluiscorderovega.gob.ec\/azuay\/","logo":{"@type":"ImageObject","inLanguage":"es","@id":"https:\/\/gpluiscorderovega.gob.ec\/azuay\/#\/schema\/logo\/image\/","url":"https:\/\/gpluiscorderovega.gob.ec\/azuay\/wp-content\/uploads\/2020\/06\/logoFooter.png","contentUrl":"https:\/\/gpluiscorderovega.gob.ec\/azuay\/wp-content\/uploads\/2020\/06\/logoFooter.png","width":200,"height":150,"caption":"GAD Luis Cordero Vega"},"image":{"@id":"https:\/\/gpluiscorderovega.gob.ec\/azuay\/#\/schema\/logo\/image\/"}}]}},"_links":{"self":[{"href":"https:\/\/gpluiscorderovega.gob.ec\/azuay\/wp-json\/wp\/v2\/pages\/23","targetHints":{"allow":["GET"]}}],"collection":[{"href":"https:\/\/gpluiscorderovega.gob.ec\/azuay\/wp-json\/wp\/v2\/pages"}],"about":[{"href":"https:\/\/gpluiscorderovega.gob.ec\/azuay\/wp-json\/wp\/v2\/types\/page"}],"author":[{"embeddable":true,"href":"https:\/\/gpluiscorderovega.gob.ec\/azuay\/wp-json\/wp\/v2\/users\/8"}],"replies":[{"embeddable":true,"href":"https:\/\/gpluiscorderovega.gob.ec\/azuay\/wp-json\/wp\/v2\/comments?post=23"}],"version-history":[{"count":7,"href":"https:\/\/gpluiscorderovega.gob.ec\/azuay\/wp-json\/wp\/v2\/pages\/23\/revisions"}],"predecessor-version":[{"id":838,"href":"https:\/\/gpluiscorderovega.gob.ec\/azuay\/wp-json\/wp\/v2\/pages\/23\/revisions\/838"}],"wp:attachment":[{"href":"https:\/\/gpluiscorderovega.gob.ec\/azuay\/wp-json\/wp\/v2\/media?parent=23"}],"curies":[{"name":"wp","href":"https:\/\/api.w.org\/{rel}","templated":true}]}}