{"id":54,"date":"2014-10-24T09:59:54","date_gmt":"2014-10-24T13:59:54","guid":{"rendered":"http:\/\/gpluiscorderovega.gob.ec\/azuay\/?page_id=54"},"modified":"2014-12-15T05:31:07","modified_gmt":"2014-12-15T09:31:07","slug":"documentos-2009-2014","status":"publish","type":"page","link":"https:\/\/gpluiscorderovega.gob.ec\/azuay\/documentos-2009-2014\/","title":{"rendered":"Documentos 2009 &#8211; 2014"},"content":{"rendered":"<p style=\"text-align: justify;\"><strong>Art. 7.- Difusi\u00f3n de la Informaci\u00f3n P\u00fablica.-<\/strong><\/p>\n<p style=\"text-align: justify;\">Por la transparencia en la gesti\u00f3n administrativa que est\u00e1n obligadas a observar todas las instituciones del Estado que conforman el sector p\u00fablico en los t\u00e9rminos del art\u00edculo 118 de la Constituci\u00f3n Pol\u00edtica de la Rep\u00fablica y dem\u00e1s entes se\u00f1alados en el art\u00edculo 1 de la presente Ley, difundir\u00e1n a trav\u00e9s de un portal de informaci\u00f3n o p\u00e1gina web, as\u00ed como de los medios necesarios a disposici\u00f3n del p\u00fablico, implementados en la misma instituci\u00f3n, la siguiente informaci\u00f3n m\u00ednima actualizada, que para efectos de esta Ley se la considera de naturaleza obligatoria:<\/p>\n<p style=\"text-align: justify;\"><strong>FORMATOS LOTAIP<\/strong><\/p>\n<p style=\"text-align: justify;\"><strong>a) Organizaci\u00f3n Interna<\/strong><br \/>\nEstructura Org\u00e1nica Funcional.<br \/>\nBase legal que la rige, regulaciones y procedimientos internos aplicables a la entidad.<br \/>\nMetas y Objetivos de las unidades administrativas de conformidad con sus programas operativos.<\/p>\n<p style=\"text-align: justify;\"><a href=\"http:\/\/gpluiscorderovega.gob.ec\/azuay\/wp-content\/uploads\/2014\/10\/REGLAMENTO-INTERNO-DEL-GAD-PARROQUIAL-LUIS-CORDERO-VEGA.pdf\">REGLAMENTO INTERNO DEL GAD PARROQUIAL LUIS CORDERO VEGA<\/a><\/p>\n<p style=\"text-align: justify;\"><a href=\"http:\/\/gpluiscorderovega.gob.ec\/azuay\/wp-content\/uploads\/2014\/10\/REGLAMENTO-ORGANICO-DE-LUIS-CORDERO-VEGA.pdf\">REGLAMENTO ORGANICO DE LUIS CORDERO VEGA<\/a><\/p>\n<p style=\"text-align: justify;\"><strong>b) Directorio<\/strong><br \/>\nDirectorio completo de la instituci\u00f3n; as\u00ed como su distributivo de personal.<\/p>\n<p style=\"text-align: justify;\"><strong>c) Remuneraciones<\/strong><br \/>\nRemuneraci\u00f3n mensual por puesto y todo ingreso adicional incluso el sistema de compensaci\u00f3n, seg\u00fan lo establezcan las disposiciones correspondientes.<\/p>\n<p style=\"text-align: justify;\"><a href=\"http:\/\/gpluiscorderovega.gob.ec\/azuay\/wp-content\/uploads\/2014\/10\/SUELDO-MENSUAL-DE-CADA-MIEMBRO-DEL-GOBIERNO-PARROQUIAL.pdf\">SUELDO MENSUAL DE CADA MIEMBRO DEL GOBIERNO PARROQUIAL<\/a><\/p>\n<p style=\"text-align: justify;\"><a href=\"http:\/\/gpluiscorderovega.gob.ec\/azuay\/wp-content\/uploads\/2014\/10\/SUELDOS-DE-LOS-MIEMBROS-DEL-GOBIERNO-PARROQUIAL-LUIS-CORDERO-VEGA.pdf\">SUELDOS DE LOS MIEMBROS DEL GOBIERNO PARROQUIAL LUIS CORDERO VEGA<\/a><\/p>\n<p style=\"text-align: justify;\"><strong>d) Servicios<\/strong><br \/>\nServicios que ofrece y la forma de acceder a ellos, horarios de atenci\u00f3n y dem\u00e1s indicaciones necesarias.<\/p>\n<p style=\"text-align: justify;\"><strong>e) Contratos Colectivos<\/strong><br \/>\nTexto integro de todos los contratos colectivos vigentes en la instituci\u00f3n, as\u00ed como sus anexos y reformas.<\/p>\n<p style=\"text-align: justify;\"><strong>f) Formularios para Tr\u00e1mites<\/strong><br \/>\nSe publicar\u00e1n los formularios o formatos de solicitudes que se requieran para los tr\u00e1mites inherentes a su campo de acci\u00f3n.<\/p>\n<p style=\"text-align: justify;\"><a href=\"http:\/\/gpluiscorderovega.gob.ec\/azuay\/wp-content\/uploads\/2014\/10\/CERT_UNICO-ESCRITURAS-PARA-PARROQUIAS-GUALACEO.pdf\">CERT_UNICO ESCRITURAS PARA PARROQUIAS GUALACEO<\/a><\/p>\n<p><a href=\"http:\/\/gpluiscorderovega.gob.ec\/azuay\/wp-content\/uploads\/2014\/10\/CONTROL-DE-ASISTENCIA-DEL-PERSONAL-DE-LA-OFICINA-DEL-GOBIERNO-PARROQUIAL-LCV.pdf\">CONTROL DE ASISTENCIA DEL PERSONAL DE LA OFICINA DEL GOBIERNO PARROQUIAL LCV<\/a><\/p>\n<p><a href=\"http:\/\/gpluiscorderovega.gob.ec\/azuay\/wp-content\/uploads\/2014\/10\/CONTROL-DE-ASISTENCIA-DEL-PERSONAL-DE-LA-OFICINA-DEL-GOBIERNO-PARROQUIAL-LCV1.pdf\">CONTROL DE ASISTENCIA DEL PERSONAL DE LA OFICINA DEL GOBIERNO PARROQUIAL LCV1<\/a><\/p>\n<p><a href=\"http:\/\/gpluiscorderovega.gob.ec\/azuay\/wp-content\/uploads\/2014\/10\/CONTROL-DE-ASISTENCIA-DEL-PERSONAL-DE-LA-OFICINA-DEL-GOBIERNO-PARROQUIAL-LCV2.pdf\">CONTROL DE ASISTENCIA DEL PERSONAL DE LA OFICINA DEL GOBIERNO PARROQUIAL LCV2<\/a><\/p>\n<p><a href=\"http:\/\/gpluiscorderovega.gob.ec\/azuay\/wp-content\/uploads\/2014\/10\/FORMATO-DOCUMENTO-CEMENTERIO.zip\">FORMATO DOCUMENTO CEMENTERIO<\/a><\/p>\n<p><a href=\"http:\/\/gpluiscorderovega.gob.ec\/azuay\/wp-content\/uploads\/2014\/10\/FORMULARO-DE-PATENTES.zip\">FORMULARO DE PATENTES<\/a><\/p>\n<p style=\"text-align: justify;\"><strong>g) Presupuesto Anual<\/strong><br \/>\nInformaci\u00f3n total sobre el presupuesto anual que administra la instituci\u00f3n, especificando ingresos, gastos, financiamiento y resultados operativos de conformidad con los clasificadores presupuestales, as\u00ed como liquidaci\u00f3n del presupuesto, especificando destinatarios de la entrega de recursos p\u00fablicos.<\/p>\n<p style=\"text-align: justify;\"><a href=\"http:\/\/gpluiscorderovega.gob.ec\/azuay\/wp-content\/uploads\/2014\/10\/Presupuestos-2009-2013.zip\">Presupuestos 2009 &#8211; 2013<\/a><\/p>\n<p style=\"text-align: justify;\"><strong>h) Auditorias Internas<\/strong><br \/>\nLos resultados de las auditorias internas y gubernamentales al ejercicio presupuestal.<\/p>\n<p style=\"text-align: justify;\"><strong>i) Procesos de Contrataci\u00f3n<\/strong><br \/>\nInformaci\u00f3n completa y detallada sobre los procesos pree-contractuales, contractuales, de adjudicaci\u00f3n y liquidaci\u00f3n de bienes, prestaci\u00f3n de servicios, arrendamientos mercantiles, etc, celebrados por la instituci\u00f3n con personas naturales o jur\u00eddicas, incluidos concesiones permisos o autorizaciones.<\/p>\n<p style=\"text-align: justify;\"><a href=\"http:\/\/gpluiscorderovega.gob.ec\/azuay\/wp-content\/uploads\/2014\/10\/CONTRATO-CEMENTERIO-MURO.rar\">CONTRATO CEMENTERIO MURO<\/a> <a href=\"http:\/\/gpluiscorderovega.gob.ec\/azuay\/wp-content\/uploads\/2014\/10\/CONTRATO-DE-ALCANTARILLADO-MCO-GPLCV-006-2011.rar\">CONTRATO DE ALCANTARILLADO MCO-GPLCV-006-2011<\/a><\/p>\n<p style=\"text-align: justify;\"><a href=\"http:\/\/gpluiscorderovega.gob.ec\/azuay\/wp-content\/uploads\/2014\/10\/CONTRATO-DE-BATERIAS-SANITARIAS-MCO-GPLCV-005-2011.rar\">CONTRATO DE BATERIAS SANITARIAS MCO-GPLCV-005-2011<\/a><\/p>\n<p style=\"text-align: justify;\"><a href=\"http:\/\/gpluiscorderovega.gob.ec\/azuay\/wp-content\/uploads\/2014\/10\/CONTRATO-DE-CANCHA-DE-USO-MULTIPLE-MCO-GPLCV-004-2011.rar\">CONTRATO DE CANCHA DE USO MULTIPLE MCO-GPLCV-004-2011<\/a><\/p>\n<p style=\"text-align: justify;\"><a href=\"http:\/\/gpluiscorderovega.gob.ec\/azuay\/wp-content\/uploads\/2014\/10\/CONTRATO-DE-MANTENIMIENTO-VIAL-SIE-GADPRLCV-001-2013.rar\">CONTRATO DE MANTENIMIENTO VIAL SIE-GADPRLCV-001-2013<\/a><\/p>\n<p style=\"text-align: justify;\"><strong>j) Incumplimientos<\/strong><br \/>\nUn listado de las empresas que han incumplido contratos con dicha instituci\u00f3n.<\/p>\n<p style=\"text-align: justify;\"><strong>k) Planes y Programas<\/strong><br \/>\nPlanes y Programas de la Instituci\u00f3n en ejecuci\u00f3n.<\/p>\n<p style=\"text-align: justify;\"><strong>l) Financiamiento Interno y Externo<\/strong><br \/>\nEl detalle de los contratos de cr\u00e9dito externos o internos; se se\u00f1alar\u00e1 la fuente de los fondos con los que se pagar\u00e1n esos cr\u00e9ditos. Cuando se trate de prestamos o \u00a0contratos de financiamiento, se har\u00e1 constar, como lo prev\u00e9 la Ley Org\u00e1nica de Administraci\u00f3n Financiera y Control, Ley Org\u00e1nica de Contralor\u00eda General del Estado y la Ley Org\u00e1nica de Responsabilidad y Transparencia Fiscal, las operaciones y contratos de Cr\u00e9dito, los montos, plazo, costos financieros o tipos de inter\u00e9s.<\/p>\n<p style=\"text-align: justify;\"><strong>m) Rendici\u00f3n de Cuentas<\/strong><br \/>\nMecanismos de rendici\u00f3n de cuentas a la ciudadan\u00eda, tales como metas e informes de gesti\u00f2n e indicadores de desempe\u00f1o.<\/p>\n<p style=\"text-align: justify;\"><a href=\"http:\/\/gpluiscorderovega.gob.ec\/azuay\/wp-content\/uploads\/2014\/10\/ASAMBLEA-PARROQUIAL-SEPTIEMBRE-2013.ppt\">ASAMBLEA PARROQUIAL SEPTIEMBRE 2013<\/a><\/p>\n<p style=\"text-align: justify;\"><a href=\"http:\/\/gpluiscorderovega.gob.ec\/azuay\/wp-content\/uploads\/2014\/10\/INFORME-DE-LABORES-PERIODO-DE-JULIO-2012-A-SEPTIEMBRE-2013.pdf\">INFORME DE LABORES PERIODO DE JULIO 2012 A SEPTIEMBRE 2013<\/a><\/p>\n<p style=\"text-align: justify;\"><strong>n) Gesti\u00f3n Institucional<\/strong><br \/>\nLos vi\u00e1ticos, informes de trabajo y justificativos de movilizaci\u00f3n nacional o internacional \u00a0de las autoridades, dignatarios y funcionarios p\u00f9blicos.<\/p>\n<p style=\"text-align: justify;\"><strong>o) Responsable de la Informaci\u00f3n<\/strong><br \/>\nEl nombre, direcci\u00f3n de la oficina, apartado postal y direcci\u00f3n electr\u00f3nica del responsable de atender la informaci\u00f3n p\u00fablica de que trata esta ley.<\/p>\n<p style=\"text-align: justify;\"><a href=\"http:\/\/gpluiscorderovega.gob.ec\/azuay\/wp-content\/uploads\/2014\/10\/RESPONSABLES-DE-LA-INFORMACION.docx\">RESPONSABLES DE LA INFORMACION<\/a><\/p>\n<p style=\"text-align: justify;\"><strong>s) Organismos Seccionales<\/strong><br \/>\nLos organismos seccionales, informar\u00e1n oportunamente a la ciudadan\u00eca de las resoluciones que adoptaren, mediante la publicaci\u00f3n de las actas de las respectivas sesiones de estos cuerpos colegiados, as\u00ed como sus planes de desarrollo local<\/p>\n","protected":false},"excerpt":{"rendered":"<p>Art. 7.- Difusi\u00f3n de la Informaci\u00f3n P\u00fablica.- Por la transparencia en la gesti\u00f3n administrativa que est\u00e1n obligadas a observar todas las instituciones del Estado que conforman el sector p\u00fablico en los t\u00e9rminos del art\u00edculo 118 de la Constituci\u00f3n Pol\u00edtica de la Rep\u00fablica y dem\u00e1s entes se\u00f1alados en el art\u00edculo 1 de la presente Ley, difundir\u00e1n [&hellip;]<\/p>\n","protected":false},"author":8,"featured_media":0,"parent":0,"menu_order":0,"comment_status":"closed","ping_status":"closed","template":"","meta":{"footnotes":""},"class_list":["post-54","page","type-page","status-publish","hentry"],"yoast_head":"<!-- This site is optimized with the Yoast SEO plugin v24.1 - https:\/\/yoast.com\/wordpress\/plugins\/seo\/ -->\n<title>Documentos 2009 - 2014 - GAD Luis Cordero Vega<\/title>\n<meta name=\"robots\" content=\"index, follow, max-snippet:-1, max-image-preview:large, max-video-preview:-1\" \/>\n<link rel=\"canonical\" href=\"https:\/\/gpluiscorderovega.gob.ec\/azuay\/documentos-2009-2014\/\" \/>\n<meta property=\"og:locale\" content=\"es_ES\" \/>\n<meta property=\"og:type\" content=\"article\" \/>\n<meta property=\"og:title\" content=\"Documentos 2009 - 2014 - GAD Luis Cordero Vega\" \/>\n<meta property=\"og:description\" content=\"Art. 7.- Difusi\u00f3n de la Informaci\u00f3n P\u00fablica.- Por la transparencia en la gesti\u00f3n administrativa que est\u00e1n obligadas a observar todas las instituciones del Estado que conforman el sector p\u00fablico en los t\u00e9rminos del art\u00edculo 118 de la Constituci\u00f3n Pol\u00edtica de la Rep\u00fablica y dem\u00e1s entes se\u00f1alados en el art\u00edculo 1 de la presente Ley, difundir\u00e1n [&hellip;]\" \/>\n<meta property=\"og:url\" content=\"https:\/\/gpluiscorderovega.gob.ec\/azuay\/documentos-2009-2014\/\" \/>\n<meta property=\"og:site_name\" content=\"GAD Luis Cordero Vega\" \/>\n<meta property=\"article:modified_time\" content=\"2014-12-15T09:31:07+00:00\" \/>\n<meta name=\"twitter:card\" content=\"summary_large_image\" \/>\n<meta name=\"twitter:label1\" content=\"Tiempo de lectura\" \/>\n\t<meta name=\"twitter:data1\" content=\"4 minutos\" \/>\n<script type=\"application\/ld+json\" class=\"yoast-schema-graph\">{\"@context\":\"https:\/\/schema.org\",\"@graph\":[{\"@type\":\"WebPage\",\"@id\":\"https:\/\/gpluiscorderovega.gob.ec\/azuay\/documentos-2009-2014\/\",\"url\":\"https:\/\/gpluiscorderovega.gob.ec\/azuay\/documentos-2009-2014\/\",\"name\":\"Documentos 2009 - 2014 - GAD Luis Cordero Vega\",\"isPartOf\":{\"@id\":\"https:\/\/gpluiscorderovega.gob.ec\/azuay\/#website\"},\"datePublished\":\"2014-10-24T13:59:54+00:00\",\"dateModified\":\"2014-12-15T09:31:07+00:00\",\"breadcrumb\":{\"@id\":\"https:\/\/gpluiscorderovega.gob.ec\/azuay\/documentos-2009-2014\/#breadcrumb\"},\"inLanguage\":\"es\",\"potentialAction\":[{\"@type\":\"ReadAction\",\"target\":[\"https:\/\/gpluiscorderovega.gob.ec\/azuay\/documentos-2009-2014\/\"]}]},{\"@type\":\"BreadcrumbList\",\"@id\":\"https:\/\/gpluiscorderovega.gob.ec\/azuay\/documentos-2009-2014\/#breadcrumb\",\"itemListElement\":[{\"@type\":\"ListItem\",\"position\":1,\"name\":\"Portada\",\"item\":\"https:\/\/gpluiscorderovega.gob.ec\/azuay\/\"},{\"@type\":\"ListItem\",\"position\":2,\"name\":\"Documentos 2009 &#8211; 2014\"}]},{\"@type\":\"WebSite\",\"@id\":\"https:\/\/gpluiscorderovega.gob.ec\/azuay\/#website\",\"url\":\"https:\/\/gpluiscorderovega.gob.ec\/azuay\/\",\"name\":\"GAD Luis Cordero Vega\",\"description\":\"Sitio Oficial del GAD Luis Cordero Vega Azuay\",\"publisher\":{\"@id\":\"https:\/\/gpluiscorderovega.gob.ec\/azuay\/#organization\"},\"potentialAction\":[{\"@type\":\"SearchAction\",\"target\":{\"@type\":\"EntryPoint\",\"urlTemplate\":\"https:\/\/gpluiscorderovega.gob.ec\/azuay\/?s={search_term_string}\"},\"query-input\":{\"@type\":\"PropertyValueSpecification\",\"valueRequired\":true,\"valueName\":\"search_term_string\"}}],\"inLanguage\":\"es\"},{\"@type\":\"Organization\",\"@id\":\"https:\/\/gpluiscorderovega.gob.ec\/azuay\/#organization\",\"name\":\"GAD Luis Cordero Vega\",\"url\":\"https:\/\/gpluiscorderovega.gob.ec\/azuay\/\",\"logo\":{\"@type\":\"ImageObject\",\"inLanguage\":\"es\",\"@id\":\"https:\/\/gpluiscorderovega.gob.ec\/azuay\/#\/schema\/logo\/image\/\",\"url\":\"https:\/\/gpluiscorderovega.gob.ec\/azuay\/wp-content\/uploads\/2020\/06\/logoFooter.png\",\"contentUrl\":\"https:\/\/gpluiscorderovega.gob.ec\/azuay\/wp-content\/uploads\/2020\/06\/logoFooter.png\",\"width\":200,\"height\":150,\"caption\":\"GAD Luis Cordero Vega\"},\"image\":{\"@id\":\"https:\/\/gpluiscorderovega.gob.ec\/azuay\/#\/schema\/logo\/image\/\"}}]}<\/script>\n<!-- \/ Yoast SEO plugin. -->","yoast_head_json":{"title":"Documentos 2009 - 2014 - GAD Luis Cordero Vega","robots":{"index":"index","follow":"follow","max-snippet":"max-snippet:-1","max-image-preview":"max-image-preview:large","max-video-preview":"max-video-preview:-1"},"canonical":"https:\/\/gpluiscorderovega.gob.ec\/azuay\/documentos-2009-2014\/","og_locale":"es_ES","og_type":"article","og_title":"Documentos 2009 - 2014 - GAD Luis Cordero Vega","og_description":"Art. 7.- Difusi\u00f3n de la Informaci\u00f3n P\u00fablica.- Por la transparencia en la gesti\u00f3n administrativa que est\u00e1n obligadas a observar todas las instituciones del Estado que conforman el sector p\u00fablico en los t\u00e9rminos del art\u00edculo 118 de la Constituci\u00f3n Pol\u00edtica de la Rep\u00fablica y dem\u00e1s entes se\u00f1alados en el art\u00edculo 1 de la presente Ley, difundir\u00e1n [&hellip;]","og_url":"https:\/\/gpluiscorderovega.gob.ec\/azuay\/documentos-2009-2014\/","og_site_name":"GAD Luis Cordero Vega","article_modified_time":"2014-12-15T09:31:07+00:00","twitter_card":"summary_large_image","twitter_misc":{"Tiempo de lectura":"4 minutos"},"schema":{"@context":"https:\/\/schema.org","@graph":[{"@type":"WebPage","@id":"https:\/\/gpluiscorderovega.gob.ec\/azuay\/documentos-2009-2014\/","url":"https:\/\/gpluiscorderovega.gob.ec\/azuay\/documentos-2009-2014\/","name":"Documentos 2009 - 2014 - GAD Luis Cordero Vega","isPartOf":{"@id":"https:\/\/gpluiscorderovega.gob.ec\/azuay\/#website"},"datePublished":"2014-10-24T13:59:54+00:00","dateModified":"2014-12-15T09:31:07+00:00","breadcrumb":{"@id":"https:\/\/gpluiscorderovega.gob.ec\/azuay\/documentos-2009-2014\/#breadcrumb"},"inLanguage":"es","potentialAction":[{"@type":"ReadAction","target":["https:\/\/gpluiscorderovega.gob.ec\/azuay\/documentos-2009-2014\/"]}]},{"@type":"BreadcrumbList","@id":"https:\/\/gpluiscorderovega.gob.ec\/azuay\/documentos-2009-2014\/#breadcrumb","itemListElement":[{"@type":"ListItem","position":1,"name":"Portada","item":"https:\/\/gpluiscorderovega.gob.ec\/azuay\/"},{"@type":"ListItem","position":2,"name":"Documentos 2009 &#8211; 2014"}]},{"@type":"WebSite","@id":"https:\/\/gpluiscorderovega.gob.ec\/azuay\/#website","url":"https:\/\/gpluiscorderovega.gob.ec\/azuay\/","name":"GAD Luis Cordero Vega","description":"Sitio Oficial del GAD Luis Cordero Vega Azuay","publisher":{"@id":"https:\/\/gpluiscorderovega.gob.ec\/azuay\/#organization"},"potentialAction":[{"@type":"SearchAction","target":{"@type":"EntryPoint","urlTemplate":"https:\/\/gpluiscorderovega.gob.ec\/azuay\/?s={search_term_string}"},"query-input":{"@type":"PropertyValueSpecification","valueRequired":true,"valueName":"search_term_string"}}],"inLanguage":"es"},{"@type":"Organization","@id":"https:\/\/gpluiscorderovega.gob.ec\/azuay\/#organization","name":"GAD Luis Cordero Vega","url":"https:\/\/gpluiscorderovega.gob.ec\/azuay\/","logo":{"@type":"ImageObject","inLanguage":"es","@id":"https:\/\/gpluiscorderovega.gob.ec\/azuay\/#\/schema\/logo\/image\/","url":"https:\/\/gpluiscorderovega.gob.ec\/azuay\/wp-content\/uploads\/2020\/06\/logoFooter.png","contentUrl":"https:\/\/gpluiscorderovega.gob.ec\/azuay\/wp-content\/uploads\/2020\/06\/logoFooter.png","width":200,"height":150,"caption":"GAD Luis Cordero Vega"},"image":{"@id":"https:\/\/gpluiscorderovega.gob.ec\/azuay\/#\/schema\/logo\/image\/"}}]}},"_links":{"self":[{"href":"https:\/\/gpluiscorderovega.gob.ec\/azuay\/wp-json\/wp\/v2\/pages\/54","targetHints":{"allow":["GET"]}}],"collection":[{"href":"https:\/\/gpluiscorderovega.gob.ec\/azuay\/wp-json\/wp\/v2\/pages"}],"about":[{"href":"https:\/\/gpluiscorderovega.gob.ec\/azuay\/wp-json\/wp\/v2\/types\/page"}],"author":[{"embeddable":true,"href":"https:\/\/gpluiscorderovega.gob.ec\/azuay\/wp-json\/wp\/v2\/users\/8"}],"replies":[{"embeddable":true,"href":"https:\/\/gpluiscorderovega.gob.ec\/azuay\/wp-json\/wp\/v2\/comments?post=54"}],"version-history":[{"count":3,"href":"https:\/\/gpluiscorderovega.gob.ec\/azuay\/wp-json\/wp\/v2\/pages\/54\/revisions"}],"predecessor-version":[{"id":178,"href":"https:\/\/gpluiscorderovega.gob.ec\/azuay\/wp-json\/wp\/v2\/pages\/54\/revisions\/178"}],"wp:attachment":[{"href":"https:\/\/gpluiscorderovega.gob.ec\/azuay\/wp-json\/wp\/v2\/media?parent=54"}],"curies":[{"name":"wp","href":"https:\/\/api.w.org\/{rel}","templated":true}]}}