{"id":56,"date":"2014-10-24T10:00:34","date_gmt":"2014-10-24T14:00:34","guid":{"rendered":"http:\/\/gpluiscorderovega.gob.ec\/azuay\/?page_id=56"},"modified":"2015-04-29T11:06:30","modified_gmt":"2015-04-29T15:06:30","slug":"documentos-2014-2015","status":"publish","type":"page","link":"https:\/\/gpluiscorderovega.gob.ec\/azuay\/documentos-2014-2015\/","title":{"rendered":"Documentos 2014 &#8211; 2015"},"content":{"rendered":"<p style=\"text-align: justify;\"><strong>Art. 7.- Difusi\u00f3n de la Informaci\u00f3n P\u00fablica.-<\/strong><\/p>\n<p style=\"text-align: justify;\">Por la transparencia en la gesti\u00f3n administrativa que est\u00e1n obligadas a observar todas las instituciones del Estado que conforman el sector p\u00fablico en los t\u00e9rminos del art\u00edculo 118 de la Constituci\u00f3n Pol\u00edtica de la Rep\u00fablica y dem\u00e1s entes se\u00f1alados en el art\u00edculo 1 de la presente Ley, difundir\u00e1n a trav\u00e9s de un portal de informaci\u00f3n o p\u00e1gina web, as\u00ed como de los medios necesarios a disposici\u00f3n del p\u00fablico, implementados en la misma instituci\u00f3n, la siguiente informaci\u00f3n m\u00ednima actualizada, que para efectos de esta Ley se la considera de naturaleza obligatoria:<\/p>\n<p style=\"text-align: justify;\"><strong>FORMATOS LOTAIP<\/strong><\/p>\n<p style=\"text-align: justify;\"><strong>a) Organizaci\u00f3n Interna<\/strong><br \/>\nEstructura Org\u00e1nica Funcional.<br \/>\nBase legal que la rige, regulaciones y procedimientos internos aplicables a la entidad.<br \/>\nMetas y Objetivos de las unidades administrativas de conformidad con sus programas operativos.<\/p>\n<p style=\"text-align: justify;\"><a href=\"http:\/\/gpluiscorderovega.gob.ec\/azuay\/wp-content\/uploads\/2014\/10\/REGLAMENTO002.pdf\">REGLAMENTO INTERNO<\/a><\/p>\n<p style=\"text-align: justify;\"><strong>b) Directorio<\/strong><br \/>\nDirectorio completo de la instituci\u00f3n; as\u00ed como su distributivo de personal.<\/p>\n<p><a href=\"http:\/\/gpluiscorderovega.gob.ec\/azuay\/wp-content\/uploads\/2011\/08\/GAD-LUIS-CORDERO-VEGA1.jpg\"><img loading=\"lazy\" decoding=\"async\" class=\" wp-image-198 aligncenter\" src=\"http:\/\/gpluiscorderovega.gob.ec\/azuay\/wp-content\/uploads\/2011\/08\/GAD-LUIS-CORDERO-VEGA1-300x225.jpg\" alt=\"GAD LUIS CORDERO VEGA\" width=\"416\" height=\"312\" data-id=\"198\" srcset=\"https:\/\/gpluiscorderovega.gob.ec\/azuay\/wp-content\/uploads\/2011\/08\/GAD-LUIS-CORDERO-VEGA1-300x225.jpg 300w, https:\/\/gpluiscorderovega.gob.ec\/azuay\/wp-content\/uploads\/2011\/08\/GAD-LUIS-CORDERO-VEGA1.jpg 700w\" sizes=\"auto, (max-width: 416px) 100vw, 416px\" \/><\/a><\/p>\n<p style=\"text-align: justify;\"><strong>c) Remuneraciones<\/strong><br \/>\nRemuneraci\u00f3n mensual por puesto y todo ingreso adicional incluso el sistema de compensaci\u00f3n, seg\u00fan lo establezcan las disposiciones correspondientes.<\/p>\n<p style=\"text-align: justify;\"><a href=\"http:\/\/gpluiscorderovega.gob.ec\/azuay\/wp-content\/uploads\/2014\/10\/ROLES-DE-MIGUEL-ULLOA.pdf\">ROLES DEL SR. MIGUEL ULLOA<\/a><\/p>\n<p style=\"text-align: justify;\"><a href=\"http:\/\/gpluiscorderovega.gob.ec\/azuay\/wp-content\/uploads\/2014\/10\/ROLES-DEL-SR.-SEGUNDO-SEGOVIA.pdf\">ROLES DEL SR. SEGUNDO SEGOVIA<\/a><\/p>\n<p style=\"text-align: justify;\"><a href=\"http:\/\/gpluiscorderovega.gob.ec\/azuay\/wp-content\/uploads\/2014\/10\/ROLES-DEL-SR.-CARLOS-CENTENO.pdf\">ROLES DEL SR. CARLOS CENTENO<\/a><\/p>\n<p style=\"text-align: justify;\"><a href=\"http:\/\/gpluiscorderovega.gob.ec\/azuay\/wp-content\/uploads\/2014\/10\/ROLES-DE-JOS\u00c9-V\u00c1SQUEZ.pdf\">ROLES DEL SR. JOS\u00c9 V\u00c1SQUEZ<\/a><\/p>\n<p style=\"text-align: justify;\"><a href=\"http:\/\/gpluiscorderovega.gob.ec\/azuay\/wp-content\/uploads\/2014\/10\/ROLES-DE-PATRICIA-V\u00c1ZQUEZ.pdf\">ROLES DE SRTA. PATRICIA V\u00c1ZQUEZ<\/a><\/p>\n<p style=\"text-align: justify;\"><a href=\"http:\/\/gpluiscorderovega.gob.ec\/azuay\/wp-content\/uploads\/2014\/10\/ROLES-DE-DORIS-CASTRO.pdf\">ROLES DE SRTA. DORIS CASTRO<\/a><\/p>\n<p style=\"text-align: justify;\"><strong>d) Servicios<\/strong><br \/>\nServicios que ofrece y la forma de acceder a ellos, horarios de atenci\u00f3n y dem\u00e1s indicaciones necesarias.<\/p>\n<p><a href=\"http:\/\/gpluiscorderovega.gob.ec\/azuay\/wp-content\/uploads\/2011\/08\/horario-de-atencion.jpg\"><img loading=\"lazy\" decoding=\"async\" class=\"wp-image-181 aligncenter\" src=\"http:\/\/gpluiscorderovega.gob.ec\/azuay\/wp-content\/uploads\/2011\/08\/horario-de-atencion-300x225.jpg\" alt=\"horario de atencion\" width=\"491\" height=\"368\" data-id=\"181\" srcset=\"https:\/\/gpluiscorderovega.gob.ec\/azuay\/wp-content\/uploads\/2011\/08\/horario-de-atencion-300x225.jpg 300w, https:\/\/gpluiscorderovega.gob.ec\/azuay\/wp-content\/uploads\/2011\/08\/horario-de-atencion.jpg 700w\" sizes=\"auto, (max-width: 491px) 100vw, 491px\" \/><\/a><\/p>\n<p><a href=\"http:\/\/gpluiscorderovega.gob.ec\/azuay\/wp-content\/uploads\/2014\/10\/REQUISITOS.jpg\"><img loading=\"lazy\" decoding=\"async\" class=\"wp-image-239 aligncenter\" src=\"http:\/\/gpluiscorderovega.gob.ec\/azuay\/wp-content\/uploads\/2014\/10\/REQUISITOS-300x225.jpg\" alt=\"REQUISITOS\" width=\"455\" height=\"341\" data-id=\"239\" srcset=\"https:\/\/gpluiscorderovega.gob.ec\/azuay\/wp-content\/uploads\/2014\/10\/REQUISITOS-300x225.jpg 300w, https:\/\/gpluiscorderovega.gob.ec\/azuay\/wp-content\/uploads\/2014\/10\/REQUISITOS.jpg 700w\" sizes=\"auto, (max-width: 455px) 100vw, 455px\" \/><\/a><\/p>\n<p><a href=\"http:\/\/gpluiscorderovega.gob.ec\/azuay\/wp-content\/uploads\/2014\/10\/REQUISITOS.-2jpg.jpg\"><img loading=\"lazy\" decoding=\"async\" class=\"wp-image-240 aligncenter\" src=\"http:\/\/gpluiscorderovega.gob.ec\/azuay\/wp-content\/uploads\/2014\/10\/REQUISITOS.-2jpg-300x225.jpg\" alt=\"REQUISITOS. 2jpg\" width=\"453\" height=\"340\" data-id=\"240\" srcset=\"https:\/\/gpluiscorderovega.gob.ec\/azuay\/wp-content\/uploads\/2014\/10\/REQUISITOS.-2jpg-300x225.jpg 300w, https:\/\/gpluiscorderovega.gob.ec\/azuay\/wp-content\/uploads\/2014\/10\/REQUISITOS.-2jpg.jpg 700w\" sizes=\"auto, (max-width: 453px) 100vw, 453px\" \/><\/a><\/p>\n<p><a href=\"http:\/\/gpluiscorderovega.gob.ec\/azuay\/wp-content\/uploads\/2014\/10\/REQUISITOS.-1jpg.jpg\"><img loading=\"lazy\" decoding=\"async\" class=\"wp-image-241 aligncenter\" src=\"http:\/\/gpluiscorderovega.gob.ec\/azuay\/wp-content\/uploads\/2014\/10\/REQUISITOS.-1jpg-300x225.jpg\" alt=\"REQUISITOS. 1jpg\" width=\"456\" height=\"342\" data-id=\"241\" srcset=\"https:\/\/gpluiscorderovega.gob.ec\/azuay\/wp-content\/uploads\/2014\/10\/REQUISITOS.-1jpg-300x225.jpg 300w, https:\/\/gpluiscorderovega.gob.ec\/azuay\/wp-content\/uploads\/2014\/10\/REQUISITOS.-1jpg.jpg 700w\" sizes=\"auto, (max-width: 456px) 100vw, 456px\" \/><\/a><\/p>\n<p style=\"text-align: justify;\"><strong>e) Contratos Colectivos<\/strong><br \/>\nTexto integro de todos los contratos colectivos vigentes en la instituci\u00f3n, as\u00ed como sus anexos y reformas.<\/p>\n<p style=\"text-align: justify;\"><strong>f) Formularios para Tr\u00e1mites<\/strong><br \/>\nSe publicar\u00e1n los formularios o formatos de solicitudes que se requieran para los tr\u00e1mites inherentes a su campo de acci\u00f3n.<\/p>\n<p style=\"text-align: justify;\"><a href=\"http:\/\/gpluiscorderovega.gob.ec\/azuay\/wp-content\/uploads\/2014\/10\/solicitud-tercera-edad.doc\">solicitud-tercera-edad<\/a><\/p>\n<p style=\"text-align: justify;\"><strong>g) Presupuesto Anual<\/strong><br \/>\nInformaci\u00f3n total sobre el presupuesto anual que administra la instituci\u00f3n, especificando ingresos, gastos, financiamiento y resultados operativos de conformidad con los clasificadores presupuestales, as\u00ed como liquidaci\u00f3n del presupuesto, especificando destinatarios de la entrega de recursos p\u00fablicos.<\/p>\n<p style=\"text-align: justify;\"><a href=\"http:\/\/gpluiscorderovega.gob.ec\/azuay\/wp-content\/uploads\/2014\/10\/PRESUPUESTO-2014.pdf\">PRESUPUESTO 2014<\/a><\/p>\n<p style=\"text-align: justify;\"><a href=\"http:\/\/gpluiscorderovega.gob.ec\/azuay\/wp-content\/uploads\/2014\/10\/CONTABILIDAD-2014.pdf\">CONTABILIDAD 2014<\/a><\/p>\n<p style=\"text-align: justify;\"><strong>h) Auditorias Internas<\/strong><br \/>\nLos resultados de las auditorias internas y gubernamentales al ejercicio presupuestal.<\/p>\n<p style=\"text-align: justify;\"><strong>i) Procesos de Contrataci\u00f3n<\/strong><br \/>\nInformaci\u00f3n completa y detallada sobre los procesos pree-contractuales, contractuales, de adjudicaci\u00f3n y liquidaci\u00f3n de bienes, prestaci\u00f3n de servicios, arrendamientos mercantiles, etc, celebrados por la instituci\u00f3n con personas naturales o jur\u00eddicas, incluidos concesiones permisos o autorizaciones.<\/p>\n<p><a href=\"https:\/\/www.compraspublicas.gob.ec\/ProcesoContratacion\/compras\/PC\/informacionProcesoContratacion2.cpe?idSoliCompra=F0Qyr_4SBtQSN4U6bYXIBjhB2PS7rqUoIRA-2bN9u_U,\">https:\/\/www.compraspublicas.gob.ec\/ProcesoContratacion\/compras\/PC\/informacionProcesoContratacion2.cpe?idSoliCompra=F0Qyr_4SBtQSN4U6bYXIBjhB2PS7rqUoIRA-2bN9u_U,<\/a><\/p>\n<p><a href=\"https:\/\/www.compraspublicas.gob.ec\/ProcesoContratacion\/compras\/PC\/informacionProcesoContratacion2.cpe?idSoliCompra=NNorOHOOfq363Bho30ObQGrQdXkGy8_Kmvy1KRda3cY,\">https:\/\/www.compraspublicas.gob.ec\/ProcesoContratacion\/compras\/PC\/informacionProcesoContratacion2.cpe?idSoliCompra=NNorOHOOfq363Bho30ObQGrQdXkGy8_Kmvy1KRda3cY,<\/a><\/p>\n<p><a href=\"https:\/\/www.compraspublicas.gob.ec\/ProcesoContratacion\/compras\/PC\/informacionProcesoContratacion2.cpe?idSoliCompra=XSTykyG9ESP0kCo1JsboGrpgIE0hAyvEEruLXkArfJk,\">https:\/\/www.compraspublicas.gob.ec\/ProcesoContratacion\/compras\/PC\/informacionProcesoContratacion2.cpe?idSoliCompra=XSTykyG9ESP0kCo1JsboGrpgIE0hAyvEEruLXkArfJk,<\/a><\/p>\n<p style=\"text-align: justify;\"><strong>j) Incumplimientos<\/strong><br \/>\nUn listado de las empresas que han incumplido contratos con dicha instituci\u00f3n.<\/p>\n<p style=\"text-align: justify;\"><strong>k) Planes y Programas<\/strong><br \/>\nPlanes y Programas de la Instituci\u00f3n en ejecuci\u00f3n.<\/p>\n<p style=\"text-align: justify;\"><a href=\"http:\/\/gpluiscorderovega.gob.ec\/azuay\/wp-content\/uploads\/2014\/10\/POA-LUIS-CORDERO-2014.xls\">POA LUIS CORDERO 2014<\/a><\/p>\n<p style=\"text-align: justify;\"><strong>l) Financiamiento Interno y Externo<\/strong><br \/>\nEl detalle de los contratos de cr\u00e9dito externos o internos; se se\u00f1alar\u00e1 la fuente de los fondos con los que se pagar\u00e1n esos cr\u00e9ditos. Cuando se trate de prestamos o \u00a0contratos de financiamiento, se har\u00e1 constar, como lo prev\u00e9 la Ley Org\u00e1nica de Administraci\u00f3n Financiera y Control, Ley Org\u00e1nica de Contralor\u00eda General del Estado y la Ley Org\u00e1nica de Responsabilidad y Transparencia Fiscal, las operaciones y contratos de Cr\u00e9dito, los montos, plazo, costos financieros o tipos de inter\u00e9s.<\/p>\n<p style=\"text-align: justify;\"><a href=\"http:\/\/gpluiscorderovega.gob.ec\/azuay\/wp-content\/uploads\/2014\/10\/50024-laguan.pdf\">CONTRATO DE FINANCIAMIENTO Y FIDEICOMISO CON EL BEDE<\/a><\/p>\n<p style=\"text-align: justify;\"><strong>m) Rendici\u00f3n de Cuentas<\/strong><br \/>\nMecanismos de rendici\u00f3n de cuentas a la ciudadan\u00eda, tales como metas e informes de gesti\u00f2n e indicadores de desempe\u00f1o.<\/p>\n<p style=\"text-align: justify;\"><a href=\"http:\/\/gpluiscorderovega.gob.ec\/azuay\/wp-content\/uploads\/2014\/10\/CONVOCATORIA030.pdf\">REGISTRO DE ENTREGA DE CONVOCATORIA RENCICI\u00d3N DE CUENTAS DEL GAD<\/a><\/p>\n<p style=\"text-align: justify;\"><a href=\"http:\/\/gpluiscorderovega.gob.ec\/azuay\/wp-content\/uploads\/2014\/10\/RENDICION-010.pdf\">REGISTRO DE ASISTENCIA A LA RENDICI\u00d3N DE CUENTAS<\/a><\/p>\n<p style=\"text-align: justify;\"><a href=\"http:\/\/gpluiscorderovega.gob.ec\/azuay\/wp-content\/uploads\/2014\/10\/RENDICION-DE-CUENTAS-GOBIERNO-AUTONOMO-DESCENTRALZIADO-PARROQUIAL-RURAL-Autosaved.pptx\">RENDICION-DE-CUENTAS-GOBIERNO-AUTONOMO-DESCENTRALIZADO-PARROQUIAL-RURAL<\/a><\/p>\n<p style=\"text-align: justify;\"><a href=\"http:\/\/gpluiscorderovega.gob.ec\/azuay\/wp-content\/uploads\/2014\/10\/reporteICMVersionNueva.pdf\">REPORTE DE CUMPLIMIENTO DE METAS-EVALUACION DE GESTION INSTITUCIONAL<\/a><\/p>\n<p style=\"text-align: justify;\"><strong>n) Gesti\u00f3n Institucional<\/strong><br \/>\nLos vi\u00e1ticos, informes de trabajo y justificativos de movilizaci\u00f3n nacional o internacional \u00a0de las autoridades, dignatarios y funcionarios p\u00f9blicos.<\/p>\n<p style=\"text-align: justify;\"><strong>o) Responsable de la Informaci\u00f3n<\/strong><br \/>\nEl nombre, direcci\u00f3n de la oficina, apartado postal y direcci\u00f3n electr\u00f3nica del responsable de atender la informaci\u00f3n p\u00fablica de que trata esta ley.<\/p>\n<p><a href=\"http:\/\/gpluiscorderovega.gob.ec\/azuay\/wp-content\/uploads\/2011\/08\/horario-de-atencion.jpg\"><img loading=\"lazy\" decoding=\"async\" class=\" wp-image-181 aligncenter\" src=\"http:\/\/gpluiscorderovega.gob.ec\/azuay\/wp-content\/uploads\/2011\/08\/horario-de-atencion-300x225.jpg\" alt=\"horario de atencion\" width=\"419\" height=\"314\" data-id=\"181\" srcset=\"https:\/\/gpluiscorderovega.gob.ec\/azuay\/wp-content\/uploads\/2011\/08\/horario-de-atencion-300x225.jpg 300w, https:\/\/gpluiscorderovega.gob.ec\/azuay\/wp-content\/uploads\/2011\/08\/horario-de-atencion.jpg 700w\" sizes=\"auto, (max-width: 419px) 100vw, 419px\" \/><\/a><\/p>\n<p style=\"text-align: justify;\"><strong>s) Organismos Seccionales<\/strong><br \/>\nLos organismos seccionales, informar\u00e1n oportunamente a la ciudadan\u00eca de las resoluciones que adoptaren, mediante la publicaci\u00f3n de las actas de las respectivas sesiones de estos cuerpos colegiados, as\u00ed como sus planes de desarrollo local<\/p>\n<p style=\"text-align: justify;\"><a href=\"http:\/\/gpluiscorderovega.gob.ec\/azuay\/wp-content\/uploads\/2014\/10\/ACTAS001.pdf\">ACTAS 2014 ADMINISTRACION 2009-2014<\/a><\/p>\n","protected":false},"excerpt":{"rendered":"<p>Art. 7.- Difusi\u00f3n de la Informaci\u00f3n P\u00fablica.- Por la transparencia en la gesti\u00f3n administrativa que est\u00e1n obligadas a observar todas las instituciones del Estado que conforman el sector p\u00fablico en los t\u00e9rminos del art\u00edculo 118 de la Constituci\u00f3n Pol\u00edtica de la Rep\u00fablica y dem\u00e1s entes se\u00f1alados en el art\u00edculo 1 de la presente Ley, difundir\u00e1n [&hellip;]<\/p>\n","protected":false},"author":8,"featured_media":0,"parent":0,"menu_order":0,"comment_status":"closed","ping_status":"closed","template":"","meta":{"footnotes":""},"class_list":["post-56","page","type-page","status-publish","hentry"],"yoast_head":"<!-- This site is optimized with the Yoast SEO plugin v24.1 - https:\/\/yoast.com\/wordpress\/plugins\/seo\/ -->\n<title>Documentos 2014 - 2015 - GAD Luis Cordero Vega<\/title>\n<meta name=\"robots\" content=\"index, follow, max-snippet:-1, max-image-preview:large, max-video-preview:-1\" \/>\n<link rel=\"canonical\" href=\"https:\/\/gpluiscorderovega.gob.ec\/azuay\/documentos-2014-2015\/\" \/>\n<meta property=\"og:locale\" content=\"es_ES\" \/>\n<meta property=\"og:type\" content=\"article\" \/>\n<meta property=\"og:title\" content=\"Documentos 2014 - 2015 - GAD Luis Cordero Vega\" \/>\n<meta property=\"og:description\" content=\"Art. 7.- Difusi\u00f3n de la Informaci\u00f3n P\u00fablica.- Por la transparencia en la gesti\u00f3n administrativa que est\u00e1n obligadas a observar todas las instituciones del Estado que conforman el sector p\u00fablico en los t\u00e9rminos del art\u00edculo 118 de la Constituci\u00f3n Pol\u00edtica de la Rep\u00fablica y dem\u00e1s entes se\u00f1alados en el art\u00edculo 1 de la presente Ley, difundir\u00e1n [&hellip;]\" \/>\n<meta property=\"og:url\" content=\"https:\/\/gpluiscorderovega.gob.ec\/azuay\/documentos-2014-2015\/\" \/>\n<meta property=\"og:site_name\" content=\"GAD Luis Cordero Vega\" \/>\n<meta property=\"article:modified_time\" content=\"2015-04-29T15:06:30+00:00\" \/>\n<meta property=\"og:image\" content=\"http:\/\/gpluiscorderovega.gob.ec\/azuay\/wp-content\/uploads\/2011\/08\/GAD-LUIS-CORDERO-VEGA1-300x225.jpg\" \/>\n<meta name=\"twitter:card\" content=\"summary_large_image\" \/>\n<meta name=\"twitter:label1\" content=\"Tiempo de lectura\" \/>\n\t<meta name=\"twitter:data1\" content=\"4 minutos\" \/>\n<script type=\"application\/ld+json\" class=\"yoast-schema-graph\">{\"@context\":\"https:\/\/schema.org\",\"@graph\":[{\"@type\":\"WebPage\",\"@id\":\"https:\/\/gpluiscorderovega.gob.ec\/azuay\/documentos-2014-2015\/\",\"url\":\"https:\/\/gpluiscorderovega.gob.ec\/azuay\/documentos-2014-2015\/\",\"name\":\"Documentos 2014 - 2015 - GAD Luis Cordero Vega\",\"isPartOf\":{\"@id\":\"https:\/\/gpluiscorderovega.gob.ec\/azuay\/#website\"},\"primaryImageOfPage\":{\"@id\":\"https:\/\/gpluiscorderovega.gob.ec\/azuay\/documentos-2014-2015\/#primaryimage\"},\"image\":{\"@id\":\"https:\/\/gpluiscorderovega.gob.ec\/azuay\/documentos-2014-2015\/#primaryimage\"},\"thumbnailUrl\":\"http:\/\/gpluiscorderovega.gob.ec\/azuay\/wp-content\/uploads\/2011\/08\/GAD-LUIS-CORDERO-VEGA1-300x225.jpg\",\"datePublished\":\"2014-10-24T14:00:34+00:00\",\"dateModified\":\"2015-04-29T15:06:30+00:00\",\"breadcrumb\":{\"@id\":\"https:\/\/gpluiscorderovega.gob.ec\/azuay\/documentos-2014-2015\/#breadcrumb\"},\"inLanguage\":\"es\",\"potentialAction\":[{\"@type\":\"ReadAction\",\"target\":[\"https:\/\/gpluiscorderovega.gob.ec\/azuay\/documentos-2014-2015\/\"]}]},{\"@type\":\"ImageObject\",\"inLanguage\":\"es\",\"@id\":\"https:\/\/gpluiscorderovega.gob.ec\/azuay\/documentos-2014-2015\/#primaryimage\",\"url\":\"https:\/\/gpluiscorderovega.gob.ec\/azuay\/wp-content\/uploads\/2011\/08\/GAD-LUIS-CORDERO-VEGA1.jpg\",\"contentUrl\":\"https:\/\/gpluiscorderovega.gob.ec\/azuay\/wp-content\/uploads\/2011\/08\/GAD-LUIS-CORDERO-VEGA1.jpg\",\"width\":700,\"height\":525},{\"@type\":\"BreadcrumbList\",\"@id\":\"https:\/\/gpluiscorderovega.gob.ec\/azuay\/documentos-2014-2015\/#breadcrumb\",\"itemListElement\":[{\"@type\":\"ListItem\",\"position\":1,\"name\":\"Portada\",\"item\":\"https:\/\/gpluiscorderovega.gob.ec\/azuay\/\"},{\"@type\":\"ListItem\",\"position\":2,\"name\":\"Documentos 2014 &#8211; 2015\"}]},{\"@type\":\"WebSite\",\"@id\":\"https:\/\/gpluiscorderovega.gob.ec\/azuay\/#website\",\"url\":\"https:\/\/gpluiscorderovega.gob.ec\/azuay\/\",\"name\":\"GAD Luis Cordero Vega\",\"description\":\"Sitio Oficial del GAD Luis Cordero Vega Azuay\",\"publisher\":{\"@id\":\"https:\/\/gpluiscorderovega.gob.ec\/azuay\/#organization\"},\"potentialAction\":[{\"@type\":\"SearchAction\",\"target\":{\"@type\":\"EntryPoint\",\"urlTemplate\":\"https:\/\/gpluiscorderovega.gob.ec\/azuay\/?s={search_term_string}\"},\"query-input\":{\"@type\":\"PropertyValueSpecification\",\"valueRequired\":true,\"valueName\":\"search_term_string\"}}],\"inLanguage\":\"es\"},{\"@type\":\"Organization\",\"@id\":\"https:\/\/gpluiscorderovega.gob.ec\/azuay\/#organization\",\"name\":\"GAD Luis Cordero Vega\",\"url\":\"https:\/\/gpluiscorderovega.gob.ec\/azuay\/\",\"logo\":{\"@type\":\"ImageObject\",\"inLanguage\":\"es\",\"@id\":\"https:\/\/gpluiscorderovega.gob.ec\/azuay\/#\/schema\/logo\/image\/\",\"url\":\"https:\/\/gpluiscorderovega.gob.ec\/azuay\/wp-content\/uploads\/2020\/06\/logoFooter.png\",\"contentUrl\":\"https:\/\/gpluiscorderovega.gob.ec\/azuay\/wp-content\/uploads\/2020\/06\/logoFooter.png\",\"width\":200,\"height\":150,\"caption\":\"GAD Luis Cordero Vega\"},\"image\":{\"@id\":\"https:\/\/gpluiscorderovega.gob.ec\/azuay\/#\/schema\/logo\/image\/\"}}]}<\/script>\n<!-- \/ Yoast SEO plugin. -->","yoast_head_json":{"title":"Documentos 2014 - 2015 - GAD Luis Cordero Vega","robots":{"index":"index","follow":"follow","max-snippet":"max-snippet:-1","max-image-preview":"max-image-preview:large","max-video-preview":"max-video-preview:-1"},"canonical":"https:\/\/gpluiscorderovega.gob.ec\/azuay\/documentos-2014-2015\/","og_locale":"es_ES","og_type":"article","og_title":"Documentos 2014 - 2015 - GAD Luis Cordero Vega","og_description":"Art. 7.- Difusi\u00f3n de la Informaci\u00f3n P\u00fablica.- Por la transparencia en la gesti\u00f3n administrativa que est\u00e1n obligadas a observar todas las instituciones del Estado que conforman el sector p\u00fablico en los t\u00e9rminos del art\u00edculo 118 de la Constituci\u00f3n Pol\u00edtica de la Rep\u00fablica y dem\u00e1s entes se\u00f1alados en el art\u00edculo 1 de la presente Ley, difundir\u00e1n [&hellip;]","og_url":"https:\/\/gpluiscorderovega.gob.ec\/azuay\/documentos-2014-2015\/","og_site_name":"GAD Luis Cordero Vega","article_modified_time":"2015-04-29T15:06:30+00:00","og_image":[{"url":"http:\/\/gpluiscorderovega.gob.ec\/azuay\/wp-content\/uploads\/2011\/08\/GAD-LUIS-CORDERO-VEGA1-300x225.jpg","type":"","width":"","height":""}],"twitter_card":"summary_large_image","twitter_misc":{"Tiempo de lectura":"4 minutos"},"schema":{"@context":"https:\/\/schema.org","@graph":[{"@type":"WebPage","@id":"https:\/\/gpluiscorderovega.gob.ec\/azuay\/documentos-2014-2015\/","url":"https:\/\/gpluiscorderovega.gob.ec\/azuay\/documentos-2014-2015\/","name":"Documentos 2014 - 2015 - GAD Luis Cordero Vega","isPartOf":{"@id":"https:\/\/gpluiscorderovega.gob.ec\/azuay\/#website"},"primaryImageOfPage":{"@id":"https:\/\/gpluiscorderovega.gob.ec\/azuay\/documentos-2014-2015\/#primaryimage"},"image":{"@id":"https:\/\/gpluiscorderovega.gob.ec\/azuay\/documentos-2014-2015\/#primaryimage"},"thumbnailUrl":"http:\/\/gpluiscorderovega.gob.ec\/azuay\/wp-content\/uploads\/2011\/08\/GAD-LUIS-CORDERO-VEGA1-300x225.jpg","datePublished":"2014-10-24T14:00:34+00:00","dateModified":"2015-04-29T15:06:30+00:00","breadcrumb":{"@id":"https:\/\/gpluiscorderovega.gob.ec\/azuay\/documentos-2014-2015\/#breadcrumb"},"inLanguage":"es","potentialAction":[{"@type":"ReadAction","target":["https:\/\/gpluiscorderovega.gob.ec\/azuay\/documentos-2014-2015\/"]}]},{"@type":"ImageObject","inLanguage":"es","@id":"https:\/\/gpluiscorderovega.gob.ec\/azuay\/documentos-2014-2015\/#primaryimage","url":"https:\/\/gpluiscorderovega.gob.ec\/azuay\/wp-content\/uploads\/2011\/08\/GAD-LUIS-CORDERO-VEGA1.jpg","contentUrl":"https:\/\/gpluiscorderovega.gob.ec\/azuay\/wp-content\/uploads\/2011\/08\/GAD-LUIS-CORDERO-VEGA1.jpg","width":700,"height":525},{"@type":"BreadcrumbList","@id":"https:\/\/gpluiscorderovega.gob.ec\/azuay\/documentos-2014-2015\/#breadcrumb","itemListElement":[{"@type":"ListItem","position":1,"name":"Portada","item":"https:\/\/gpluiscorderovega.gob.ec\/azuay\/"},{"@type":"ListItem","position":2,"name":"Documentos 2014 &#8211; 2015"}]},{"@type":"WebSite","@id":"https:\/\/gpluiscorderovega.gob.ec\/azuay\/#website","url":"https:\/\/gpluiscorderovega.gob.ec\/azuay\/","name":"GAD Luis Cordero Vega","description":"Sitio Oficial del GAD Luis Cordero Vega Azuay","publisher":{"@id":"https:\/\/gpluiscorderovega.gob.ec\/azuay\/#organization"},"potentialAction":[{"@type":"SearchAction","target":{"@type":"EntryPoint","urlTemplate":"https:\/\/gpluiscorderovega.gob.ec\/azuay\/?s={search_term_string}"},"query-input":{"@type":"PropertyValueSpecification","valueRequired":true,"valueName":"search_term_string"}}],"inLanguage":"es"},{"@type":"Organization","@id":"https:\/\/gpluiscorderovega.gob.ec\/azuay\/#organization","name":"GAD Luis Cordero Vega","url":"https:\/\/gpluiscorderovega.gob.ec\/azuay\/","logo":{"@type":"ImageObject","inLanguage":"es","@id":"https:\/\/gpluiscorderovega.gob.ec\/azuay\/#\/schema\/logo\/image\/","url":"https:\/\/gpluiscorderovega.gob.ec\/azuay\/wp-content\/uploads\/2020\/06\/logoFooter.png","contentUrl":"https:\/\/gpluiscorderovega.gob.ec\/azuay\/wp-content\/uploads\/2020\/06\/logoFooter.png","width":200,"height":150,"caption":"GAD Luis Cordero Vega"},"image":{"@id":"https:\/\/gpluiscorderovega.gob.ec\/azuay\/#\/schema\/logo\/image\/"}}]}},"_links":{"self":[{"href":"https:\/\/gpluiscorderovega.gob.ec\/azuay\/wp-json\/wp\/v2\/pages\/56","targetHints":{"allow":["GET"]}}],"collection":[{"href":"https:\/\/gpluiscorderovega.gob.ec\/azuay\/wp-json\/wp\/v2\/pages"}],"about":[{"href":"https:\/\/gpluiscorderovega.gob.ec\/azuay\/wp-json\/wp\/v2\/types\/page"}],"author":[{"embeddable":true,"href":"https:\/\/gpluiscorderovega.gob.ec\/azuay\/wp-json\/wp\/v2\/users\/8"}],"replies":[{"embeddable":true,"href":"https:\/\/gpluiscorderovega.gob.ec\/azuay\/wp-json\/wp\/v2\/comments?post=56"}],"version-history":[{"count":22,"href":"https:\/\/gpluiscorderovega.gob.ec\/azuay\/wp-json\/wp\/v2\/pages\/56\/revisions"}],"predecessor-version":[{"id":270,"href":"https:\/\/gpluiscorderovega.gob.ec\/azuay\/wp-json\/wp\/v2\/pages\/56\/revisions\/270"}],"wp:attachment":[{"href":"https:\/\/gpluiscorderovega.gob.ec\/azuay\/wp-json\/wp\/v2\/media?parent=56"}],"curies":[{"name":"wp","href":"https:\/\/api.w.org\/{rel}","templated":true}]}}